{"id":28,"date":"2026-02-28T13:14:39","date_gmt":"2026-02-28T12:14:39","guid":{"rendered":"https:\/\/minimoments.se\/?page_id=28"},"modified":"2026-04-07T11:23:57","modified_gmt":"2026-04-07T09:23:57","slug":"hem","status":"publish","type":"page","link":"https:\/\/minimoments.se\/","title":{"rendered":"Hem"},"content":{"rendered":"\t\t<div data-elementor-type=\"wp-post\" data-elementor-id=\"28\" class=\"elementor elementor-28\">\n\t\t\t\t<div class=\"elementor-element elementor-element-cc62ddb e-flex e-con-boxed e-con e-parent\" data-id=\"cc62ddb\" data-element_type=\"container\" data-e-type=\"container\">\n\t\t\t\t\t<div class=\"e-con-inner\">\n\t\t<div class=\"elementor-element elementor-element-f51ea44 e-con-full e-flex e-con e-child\" data-id=\"f51ea44\" data-element_type=\"container\" data-e-type=\"container\">\n\t\t\t\t<div class=\"elementor-element elementor-element-c19ef09 elementor-align-center elementor-widget elementor-widget-button\" data-id=\"c19ef09\" data-element_type=\"widget\" data-e-type=\"widget\" data-widget_type=\"button.default\">\n\t\t\t\t\t\t\t\t\t\t<a class=\"elementor-button elementor-button-link elementor-size-sm\" href=\"https:\/\/minimoments.se\/index.php\/baby-spa\/\">\n\t\t\t\t\t\t<span class=\"elementor-button-content-wrapper\">\n\t\t\t\t\t\t\t\t\t<span class=\"elementor-button-text\">BOKA BABY-SPA<\/span>\n\t\t\t\t\t<\/span>\n\t\t\t\t\t<\/a>\n\t\t\t\t\t\t\t\t<\/div>\n\t\t\t\t<\/div>\n\t\t<div class=\"elementor-element elementor-element-367f27f e-con-full e-flex e-con e-child\" data-id=\"367f27f\" data-element_type=\"container\" data-e-type=\"container\">\n\t\t\t\t<div class=\"elementor-element elementor-element-7cac09d elementor-align-center elementor-widget elementor-widget-button\" data-id=\"7cac09d\" data-element_type=\"widget\" data-e-type=\"widget\" data-widget_type=\"button.default\">\n\t\t\t\t\t\t\t\t\t\t<a class=\"elementor-button elementor-button-link elementor-size-sm\" href=\"https:\/\/minimoments.se\/index.php\/butik\/\">\n\t\t\t\t\t\t<span class=\"elementor-button-content-wrapper\">\n\t\t\t\t\t\t\t\t\t<span class=\"elementor-button-text\">BES\u00d6K BUTIKEN<\/span>\n\t\t\t\t\t<\/span>\n\t\t\t\t\t<\/a>\n\t\t\t\t\t\t\t\t<\/div>\n\t\t\t\t<\/div>\n\t\t\t\t\t<\/div>\n\t\t\t\t<\/div>\n\t\t<div class=\"elementor-element elementor-element-e36ab4b e-flex e-con-boxed e-con e-parent\" data-id=\"e36ab4b\" data-element_type=\"container\" data-e-type=\"container\">\n\t\t\t\t\t<div class=\"e-con-inner\">\n\t\t<div class=\"elementor-element elementor-element-43cb202 e-con-full e-flex e-con e-child\" data-id=\"43cb202\" data-element_type=\"container\" data-e-type=\"container\">\n\t\t\t\t<\/div>\n\t\t\t\t<div class=\"elementor-element elementor-element-b9511b2 elementor-widget elementor-widget-text-editor\" data-id=\"b9511b2\" data-element_type=\"widget\" data-e-type=\"widget\" data-widget_type=\"text-editor.default\">\n\t\t\t\t\t\t\t\t\t<p><b>Baby-Spa i \u00d6rebro<\/b><\/p>\t\t\t\t\t\t\t\t<\/div>\n\t\t\t\t\t<\/div>\n\t\t\t\t<\/div>\n\t\t<div class=\"elementor-element elementor-element-c16c769 e-flex e-con-boxed e-con e-parent\" data-id=\"c16c769\" data-element_type=\"container\" data-e-type=\"container\">\n\t\t\t\t\t<div class=\"e-con-inner\">\n\t\t\t\t<div class=\"elementor-element elementor-element-85a93c8 elementor-widget elementor-widget-heading\" data-id=\"85a93c8\" data-element_type=\"widget\" data-e-type=\"widget\" data-widget_type=\"heading.default\">\n\t\t\t\t\t<h2 class=\"elementor-heading-title elementor-size-default\">En exklusiv spastund f\u00f6r dig och din bebis - en lugn stund tillsammans.<\/h2>\t\t\t\t<\/div>\n\t\t\t\t\t<\/div>\n\t\t\t\t<\/div>\n\t\t<div class=\"elementor-element elementor-element-5357fd6 e-flex e-con-boxed e-con e-parent\" data-id=\"5357fd6\" data-element_type=\"container\" data-e-type=\"container\">\n\t\t\t\t\t<div class=\"e-con-inner\">\n\t\t\t\t<div class=\"elementor-element elementor-element-780c230 elementor-widget elementor-widget-image\" data-id=\"780c230\" data-element_type=\"widget\" data-e-type=\"widget\" data-widget_type=\"image.default\">\n\t\t\t\t\t\t\t\t\t\t\t\t\t\t\t<img fetchpriority=\"high\" decoding=\"async\" width=\"770\" height=\"1024\" src=\"https:\/\/minimoments.se\/wp-content\/uploads\/2026\/03\/img_3591-1-770x1024.jpg\" class=\"attachment-large size-large wp-image-740\" alt=\"\" srcset=\"https:\/\/minimoments.se\/wp-content\/uploads\/2026\/03\/img_3591-1-770x1024.jpg 770w, https:\/\/minimoments.se\/wp-content\/uploads\/2026\/03\/img_3591-1-226x300.jpg 226w, https:\/\/minimoments.se\/wp-content\/uploads\/2026\/03\/img_3591-1-768x1021.jpg 768w, https:\/\/minimoments.se\/wp-content\/uploads\/2026\/03\/img_3591-1-1155x1536.jpg 1155w, https:\/\/minimoments.se\/wp-content\/uploads\/2026\/03\/img_3591-1-600x798.jpg 600w, https:\/\/minimoments.se\/wp-content\/uploads\/2026\/03\/img_3591-1.jpg 1179w\" sizes=\"(max-width: 770px) 100vw, 770px\" \/>\t\t\t\t\t\t\t\t\t\t\t\t\t\t\t<\/div>\n\t\t<div class=\"elementor-element elementor-element-7fb60df e-con-full e-flex e-con e-child\" data-id=\"7fb60df\" data-element_type=\"container\" data-e-type=\"container\">\n\t\t\t\t<\/div>\n\t\t\t\t\t<\/div>\n\t\t\t\t<\/div>\n\t\t<div class=\"elementor-element elementor-element-be9e76d e-flex e-con-boxed e-con e-parent\" data-id=\"be9e76d\" data-element_type=\"container\" data-e-type=\"container\">\n\t\t\t\t\t<div class=\"e-con-inner\">\n\t\t\t\t<div class=\"elementor-element elementor-element-f6aa90b elementor-widget elementor-widget-text-editor\" data-id=\"f6aa90b\" data-element_type=\"widget\" data-e-type=\"widget\" data-widget_type=\"text-editor.default\">\n\t\t\t\t\t\t\t\t\t<p>\u00a0<\/p><div class=\"section section-root animated-element section-geometry section-geometry-rectangle animation-section-blur-in is-visible\" data-zone-type=\"content\" data-shape=\"rectangle\"><div class=\"section-inner-width section-inner-width-small\"><div class=\"section-content\"><div class=\"grid-row-root grid-row-has-rows grid-row-top-level\" data-top-level=\"true\"><div class=\"grid-row-root grid-row-has-columns\"><div class=\"grid-column-root grid-column-small-12 grid-column-medium-6 grid-column-large-8 animation-zoom-out animated-element is-visible\"><div class=\"module-container-custom module-container-root\"><div class=\"heading-module-6a2e0cd4-cf04-466b-9403-f65072531d48 heading-root\"><div><h6 style=\"font-style: normal;\"><strong style=\"font-style: inherit; color: #3f5a43; font-family: Roboto, sans-serif;\">Varf\u00f6r miniMoments<\/strong><\/h6><\/div><\/div><\/div><\/div><\/div><div class=\"grid-row-root grid-row-has-columns\"><div class=\"grid-column-root grid-column-small-12 grid-column-medium-12 grid-column-large-12 grid-column-4084648d-8d4e-4e5e-a437-150be351225b animated-element is-visible\"><div class=\"grid-row-root grid-row-has-columns grid-row-c7611e98-b9cb-4119-b2ea-ebd6a9919af2\"><div class=\"grid-column-root grid-column-small-8 grid-column-medium-6 grid-column-large-8 grid-column-4598ab81-5a9a-4151-8074-913c8af53777 animation-zoom-out animated-element is-visible\"><div class=\"module-container-custom module-container-root module-container-ec8847ad-e47e-49e7-91b9-2444f597a75c\"><div class=\"text-root text-ec8847ad-e47e-49e7-91b9-2444f597a75c\"><div><p><span class=\"theming-custom-#ede3d8\">Ni m\u00f6ts i en lugn, varm milj\u00f6 d\u00e4r varje detalj \u00e4r utvald f\u00f6r att skapa trygghet. Under en guidad badritual f\u00e5r din bebis njuta av varsamma r\u00f6relser och ekologiska produkter anpassade f\u00f6r k\u00e4nslig hud.<\/span><\/p><\/div><\/div><\/div><\/div><\/div><div class=\"grid-row-root grid-row-has-columns grid-row-ba384545-2273-441c-aeb6-490b17237607\"><div class=\"grid-column-root grid-column-small-4 grid-column-medium-6 grid-column-large-4 grid-column-f253ae03-c0a5-4f38-b1aa-e34ebe190b20 animation-zoom-out animated-element is-visible\"><div class=\"module-container-custom module-container-root module-container-416cd13d-5413-4836-a82b-f363b329e56a\"><div class=\"text-root text-416cd13d-5413-4836-a82b-f363b329e56a\"><div><p><strong>\u00c4r det s\u00e4kert?<\/strong><\/p><\/div><\/div><\/div><\/div><div class=\"grid-column-root grid-column-small-8 grid-column-medium-6 grid-column-large-8 grid-column-cb757614-1ce9-43d3-af54-fd6a929d95a9 animation-zoom-out animated-element is-visible\"><div class=\"module-container-custom module-container-root module-container-29ccfa2b-e447-4a90-a55b-83c81eac1081\"><div class=\"text-root text-29ccfa2b-e447-4a90-a55b-83c81eac1081\"><div><p>&#8211; Ansvarsf\u00f6rs\u00e4kring<\/p><p>&#8211; Max 6 bebisar \/ grupp<\/p><p>&#8211; Kontrollerad vattentemperatur<\/p><p>&#8211; Certifierade babyprodukter<\/p><\/div><\/div><\/div><\/div><\/div><div class=\"grid-row-root grid-row-has-columns grid-row-cff5becc-9632-4558-9541-d8cdbf111ac0\"><div class=\"grid-column-root grid-column-small-4 grid-column-medium-6 grid-column-large-4 grid-column-d4eac6b8-909b-44d8-8176-94c67bc67112 animation-zoom-out animated-element is-visible\"><div class=\"module-container-custom module-container-root module-container-b7891b29-13b7-4a71-bc27-9067f89817c6\"><div class=\"text-root text-b7891b29-13b7-4a71-bc27-9067f89817c6\"><div><p><span class=\"theming-custom-#ede3d8\"><strong>Adress:\u00a0<\/strong><\/span><span style=\"font-style: inherit; font-weight: inherit;\">Vaktelv\u00e4gen 2, 70348 \u00d6rebro (miniStuds lokal) &#8211; Haga centrum<\/span><\/p><\/div><\/div><\/div><\/div><\/div><div class=\"grid-row-root grid-row-has-columns grid-row-9208340f-4fbf-44a7-bd0f-762deba278f8\"><div class=\"grid-column-root grid-column-small-4 grid-column-medium-6 grid-column-large-4 grid-column-7463dc97-06e9-423e-b1dc-fe09de1b179b animation-zoom-out animated-element is-visible\"><div class=\"module-container-custom module-container-root module-container-c1305846-daaf-44e3-b5fa-312d59ba9e3e\"><div class=\"text-root text-c1305846-daaf-44e3-b5fa-312d59ba9e3e\"><div><p><span class=\"theming-custom-#ede3d8\"><strong>Orgnr:\u00a0<\/strong><\/span><span style=\"font-style: inherit; font-weight: inherit;\">559533-3534 (<\/span><strong style=\"font-style: inherit;\">miniMoments<\/strong><span style=\"font-style: inherit; font-weight: inherit;\">\u00a0g\u00e5r under miniStuds \u00d6rebro AB:s organisationsnr.)<\/span><\/p><\/div><\/div><\/div><\/div><\/div><\/div><\/div><\/div><\/div><\/div><\/div><footer id=\"footer\" class=\"section section-root animated-element section-geometry section-geometry-rectangle animation-section-blur-in is-visible\" data-zone-type=\"footer\" data-shape=\"rectangle\"><\/footer>\t\t\t\t\t\t\t\t<\/div>\n\t\t\t\t\t<\/div>\n\t\t\t\t<\/div>\n\t\t\t\t<\/div>\n\t\t","protected":false},"excerpt":{"rendered":"<p>BOKA BABY-SPA BES\u00d6K BUTIKEN Baby-Spa i \u00d6rebro En exklusiv spastund f\u00f6r dig och din bebis &#8211; en lugn stund tillsammans. [&hellip;]<\/p>\n","protected":false},"author":1,"featured_media":738,"parent":0,"menu_order":0,"comment_status":"closed","ping_status":"closed","template":"","meta":{"site-sidebar-layout":"no-sidebar","site-content-layout":"","ast-site-content-layout":"full-width-container","site-content-style":"default","site-sidebar-style":"default","ast-global-header-display":"","ast-banner-title-visibility":"","ast-main-header-display":"","ast-hfb-above-header-display":"","ast-hfb-below-header-display":"","ast-hfb-mobile-header-display":"","site-post-title":"disabled","ast-breadcrumbs-content":"","ast-featured-img":"disabled","footer-sml-layout":"","ast-disable-related-posts":"","theme-transparent-header-meta":"","adv-header-id-meta":"","stick-header-meta":"","header-above-stick-meta":"","header-main-stick-meta":"","header-below-stick-meta":"","astra-migrate-meta-layouts":"default","ast-page-background-enabled":"default","ast-page-background-meta":{"desktop":{"background-color":"var(--ast-global-color-5)","background-image":"","background-repeat":"repeat","background-position":"center center","background-size":"auto","background-attachment":"scroll","background-type":"","background-media":"","overlay-type":"","overlay-color":"","overlay-opacity":"","overlay-gradient":""},"tablet":{"background-color":"","background-image":"","background-repeat":"repeat","background-position":"center center","background-size":"auto","background-attachment":"scroll","background-type":"","background-media":"","overlay-type":"","overlay-color":"","overlay-opacity":"","overlay-gradient":""},"mobile":{"background-color":"","background-image":"","background-repeat":"repeat","background-position":"center center","background-size":"auto","background-attachment":"scroll","background-type":"","background-media":"","overlay-type":"","overlay-color":"","overlay-opacity":"","overlay-gradient":""}},"ast-content-background-meta":{"desktop":{"background-color":"var(--ast-global-color-4)","background-image":"","background-repeat":"repeat","background-position":"center center","background-size":"auto","background-attachment":"scroll","background-type":"","background-media":"","overlay-type":"","overlay-color":"","overlay-opacity":"","overlay-gradient":""},"tablet":{"background-color":"var(--ast-global-color-4)","background-image":"","background-repeat":"repeat","background-position":"center center","background-size":"auto","background-attachment":"scroll","background-type":"","background-media":"","overlay-type":"","overlay-color":"","overlay-opacity":"","overlay-gradient":""},"mobile":{"background-color":"var(--ast-global-color-4)","background-image":"","background-repeat":"repeat","background-position":"center center","background-size":"auto","background-attachment":"scroll","background-type":"","background-media":"","overlay-type":"","overlay-color":"","overlay-opacity":"","overlay-gradient":""}},"footnotes":""},"class_list":["post-28","page","type-page","status-publish","has-post-thumbnail","hentry"],"jetpack_sharing_enabled":true,"_links":{"self":[{"href":"https:\/\/minimoments.se\/index.php\/wp-json\/wp\/v2\/pages\/28","targetHints":{"allow":["GET"]}}],"collection":[{"href":"https:\/\/minimoments.se\/index.php\/wp-json\/wp\/v2\/pages"}],"about":[{"href":"https:\/\/minimoments.se\/index.php\/wp-json\/wp\/v2\/types\/page"}],"author":[{"embeddable":true,"href":"https:\/\/minimoments.se\/index.php\/wp-json\/wp\/v2\/users\/1"}],"replies":[{"embeddable":true,"href":"https:\/\/minimoments.se\/index.php\/wp-json\/wp\/v2\/comments?post=28"}],"version-history":[{"count":131,"href":"https:\/\/minimoments.se\/index.php\/wp-json\/wp\/v2\/pages\/28\/revisions"}],"predecessor-version":[{"id":829,"href":"https:\/\/minimoments.se\/index.php\/wp-json\/wp\/v2\/pages\/28\/revisions\/829"}],"wp:featuredmedia":[{"embeddable":true,"href":"https:\/\/minimoments.se\/index.php\/wp-json\/wp\/v2\/media\/738"}],"wp:attachment":[{"href":"https:\/\/minimoments.se\/index.php\/wp-json\/wp\/v2\/media?parent=28"}],"curies":[{"name":"wp","href":"https:\/\/api.w.org\/{rel}","templated":true}]}}