{"id":521,"date":"2026-03-11T07:49:28","date_gmt":"2026-03-11T06:49:28","guid":{"rendered":"https:\/\/minimoments.se\/?page_id=521"},"modified":"2026-03-16T23:25:11","modified_gmt":"2026-03-16T22:25:11","slug":"baby-spa","status":"publish","type":"page","link":"https:\/\/minimoments.se\/index.php\/baby-spa\/","title":{"rendered":"Baby-spa"},"content":{"rendered":"\t\t<div data-elementor-type=\"wp-page\" data-elementor-id=\"521\" class=\"elementor elementor-521\">\n\t\t\t\t<div class=\"elementor-element elementor-element-1f0509f e-flex e-con-boxed e-con e-parent\" data-id=\"1f0509f\" data-element_type=\"container\" data-e-type=\"container\">\n\t\t\t\t\t<div class=\"e-con-inner\">\n\t\t\t\t<div class=\"elementor-element elementor-element-a6e38c7 elementor-widget elementor-widget-heading\" data-id=\"a6e38c7\" data-element_type=\"widget\" data-e-type=\"widget\" data-widget_type=\"heading.default\">\n\t\t\t\t\t<h2 class=\"elementor-heading-title elementor-size-default\">Baby-Spa i \u00d6rebro<\/h2>\t\t\t\t<\/div>\n\t\t\t\t\t<\/div>\n\t\t\t\t<\/div>\n\t\t<div class=\"elementor-element elementor-element-17e2930 e-flex e-con-boxed e-con e-parent\" data-id=\"17e2930\" data-element_type=\"container\" data-e-type=\"container\">\n\t\t\t\t\t<div class=\"e-con-inner\">\n\t\t\t\t<div class=\"elementor-element elementor-element-59c22b4 elementor-widget elementor-widget-text-editor\" data-id=\"59c22b4\" data-element_type=\"widget\" data-e-type=\"widget\" data-widget_type=\"text-editor.default\">\n\t\t\t\t\t\t\t\t\t<p>V\u00e4lkommen till miniMoments baby-spa i \u00d6rebro.<\/p><p>H\u00e4r f\u00e5r du och din bebis en lugn och mysig stund tillsammans. <br \/>Under baby-spa f\u00e5r din baby njuta av ett varmt bad f\u00f6ljt av en stunds babymassage i en rofylld milj\u00f6.<\/p>\t\t\t\t\t\t\t\t<\/div>\n\t\t\t\t\t<\/div>\n\t\t\t\t<\/div>\n\t\t<div class=\"elementor-element elementor-element-74d3c05 e-flex e-con-boxed e-con e-parent\" data-id=\"74d3c05\" data-element_type=\"container\" data-e-type=\"container\">\n\t\t\t\t\t<div class=\"e-con-inner\">\n\t\t\t\t<div class=\"elementor-element elementor-element-bc92111 elementor-widget elementor-widget-text-editor\" data-id=\"bc92111\" data-element_type=\"widget\" data-e-type=\"widget\" data-widget_type=\"text-editor.default\">\n\t\t\t\t\t\t\t\t\t<div class=\"woocommerce columns-2 \"><ul class=\"products columns-2\">\n<li class=\"desktop-align-left tablet-align-left mobile-align-left product type-product post-661 status-publish first instock product_cat-baby-spa has-post-thumbnail sale virtual taxable purchasable product-type-simple\">\n\t<a href=\"https:\/\/minimoments.se\/index.php\/produkt\/baby-spa-16-april-0900-1030\/\" class=\"woocommerce-LoopProduct-link woocommerce-loop-product__link\">\n\t<span  class=\"onsale\" data-notification=\"default\">Lanseringserbjudande<\/span>\n\t<img fetchpriority=\"high\" decoding=\"async\" width=\"300\" height=\"300\" src=\"https:\/\/minimoments.se\/wp-content\/uploads\/2026\/03\/Baby-Spa-upplevelse-300x300.jpg\" class=\"attachment-woocommerce_thumbnail size-woocommerce_thumbnail\" alt=\"Baby-Spa upplevelse, 16 april 09:00:10:30\" srcset=\"https:\/\/minimoments.se\/wp-content\/uploads\/2026\/03\/Baby-Spa-upplevelse-300x300.jpg 300w, https:\/\/minimoments.se\/wp-content\/uploads\/2026\/03\/Baby-Spa-upplevelse-1024x1024.jpg 1024w, https:\/\/minimoments.se\/wp-content\/uploads\/2026\/03\/Baby-Spa-upplevelse-150x150.jpg 150w, https:\/\/minimoments.se\/wp-content\/uploads\/2026\/03\/Baby-Spa-upplevelse-768x768.jpg 768w, https:\/\/minimoments.se\/wp-content\/uploads\/2026\/03\/Baby-Spa-upplevelse-600x600.jpg 600w, https:\/\/minimoments.se\/wp-content\/uploads\/2026\/03\/Baby-Spa-upplevelse-100x100.jpg 100w, https:\/\/minimoments.se\/wp-content\/uploads\/2026\/03\/Baby-Spa-upplevelse.jpg 1080w\" sizes=\"(max-width: 300px) 100vw, 300px\" \/><h2 class=\"woocommerce-loop-product__title\">Baby-Spa upplevelse, 16 april 09:00:10:30<\/h2>\n\t<span class=\"price\"><del aria-hidden=\"true\"><span class=\"woocommerce-Price-amount amount\"><bdi>599,00&nbsp;<span class=\"woocommerce-Price-currencySymbol\">&#107;&#114;<\/span><\/bdi><\/span><\/del> <span class=\"screen-reader-text\">Det ursprungliga priset var: 599,00&nbsp;&#107;&#114;.<\/span><ins aria-hidden=\"true\"><span class=\"woocommerce-Price-amount amount\"><bdi>399,00&nbsp;<span class=\"woocommerce-Price-currencySymbol\">&#107;&#114;<\/span><\/bdi><\/span><\/ins><span class=\"screen-reader-text\">Det nuvarande priset \u00e4r: 399,00&nbsp;&#107;&#114;.<\/span><\/span>\n<\/a><a href=\"https:\/\/minimoments.se\/index.php\/produkt\/baby-spa-16-april-0900-1030\/\" aria-describedby=\"woocommerce_loop_add_to_cart_link_describedby_661\" data-quantity=\"1\" class=\"button product_type_simple add_to_cart_button\" data-product_id=\"661\" data-product_sku=\"\" aria-label=\"L\u00e4gg till i varukorgen: \u201dBaby-Spa upplevelse, 16 april 09:00:10:30\u201d\" rel=\"nofollow\" data-success_message=\"&quot;Baby-Spa upplevelse, 16 april 09:00:10:30&quot; har lagts till i din varukorg\">Boka plats<\/a>\t<span id=\"woocommerce_loop_add_to_cart_link_describedby_661\" class=\"screen-reader-text\">\n\t\t\t<\/span>\n<\/li>\n<li class=\"desktop-align-left tablet-align-left mobile-align-left product type-product post-162 status-publish last instock product_cat-baby-spa has-post-thumbnail sale virtual sold-individually taxable purchasable product-type-simple\">\n\t<a href=\"https:\/\/minimoments.se\/index.php\/produkt\/baby-spa-16-april-930-1100\/\" class=\"woocommerce-LoopProduct-link woocommerce-loop-product__link\">\n\t<span  class=\"onsale\" data-notification=\"default\">Lanseringserbjudande<\/span>\n\t<img decoding=\"async\" width=\"300\" height=\"300\" src=\"https:\/\/minimoments.se\/wp-content\/uploads\/2026\/03\/Baby-Spa-upplevelse-300x300.jpg\" class=\"attachment-woocommerce_thumbnail size-woocommerce_thumbnail\" alt=\"Baby-Spa upplevelse, 20 april 12:30-14:00\" srcset=\"https:\/\/minimoments.se\/wp-content\/uploads\/2026\/03\/Baby-Spa-upplevelse-300x300.jpg 300w, https:\/\/minimoments.se\/wp-content\/uploads\/2026\/03\/Baby-Spa-upplevelse-1024x1024.jpg 1024w, https:\/\/minimoments.se\/wp-content\/uploads\/2026\/03\/Baby-Spa-upplevelse-150x150.jpg 150w, https:\/\/minimoments.se\/wp-content\/uploads\/2026\/03\/Baby-Spa-upplevelse-768x768.jpg 768w, https:\/\/minimoments.se\/wp-content\/uploads\/2026\/03\/Baby-Spa-upplevelse-600x600.jpg 600w, https:\/\/minimoments.se\/wp-content\/uploads\/2026\/03\/Baby-Spa-upplevelse-100x100.jpg 100w, https:\/\/minimoments.se\/wp-content\/uploads\/2026\/03\/Baby-Spa-upplevelse.jpg 1080w\" sizes=\"(max-width: 300px) 100vw, 300px\" \/><h2 class=\"woocommerce-loop-product__title\">Baby-Spa upplevelse, 20 april 12:30-14:00<\/h2>\n\t<span class=\"price\"><del aria-hidden=\"true\"><span class=\"woocommerce-Price-amount amount\"><bdi>599,00&nbsp;<span class=\"woocommerce-Price-currencySymbol\">&#107;&#114;<\/span><\/bdi><\/span><\/del> <span class=\"screen-reader-text\">Det ursprungliga priset var: 599,00&nbsp;&#107;&#114;.<\/span><ins aria-hidden=\"true\"><span class=\"woocommerce-Price-amount amount\"><bdi>399,00&nbsp;<span class=\"woocommerce-Price-currencySymbol\">&#107;&#114;<\/span><\/bdi><\/span><\/ins><span class=\"screen-reader-text\">Det nuvarande priset \u00e4r: 399,00&nbsp;&#107;&#114;.<\/span><\/span>\n<\/a><a href=\"https:\/\/minimoments.se\/index.php\/produkt\/baby-spa-16-april-930-1100\/\" aria-describedby=\"woocommerce_loop_add_to_cart_link_describedby_162\" data-quantity=\"1\" class=\"button product_type_simple add_to_cart_button\" data-product_id=\"162\" data-product_sku=\"\" aria-label=\"L\u00e4gg till i varukorgen: \u201dBaby-Spa upplevelse, 20 april 12:30-14:00\u201d\" rel=\"nofollow\" data-success_message=\"&quot;Baby-Spa upplevelse, 20 april 12:30-14:00&quot; har lagts till i din varukorg\">Boka plats<\/a>\t<span id=\"woocommerce_loop_add_to_cart_link_describedby_162\" class=\"screen-reader-text\">\n\t\t\t<\/span>\n<\/li>\n<li class=\"desktop-align-left tablet-align-left mobile-align-left product type-product post-801 status-publish first instock product_cat-baby-spa has-post-thumbnail virtual taxable purchasable product-type-simple\">\n\t<a href=\"https:\/\/minimoments.se\/index.php\/produkt\/baby-spa-16-april-0900-1030-2\/\" class=\"woocommerce-LoopProduct-link woocommerce-loop-product__link\"><img decoding=\"async\" width=\"300\" height=\"300\" src=\"https:\/\/minimoments.se\/wp-content\/uploads\/2026\/03\/minimoments-7-300x300.png\" class=\"attachment-woocommerce_thumbnail size-woocommerce_thumbnail\" alt=\"Presentkort - Baby-Spa upplevelse\" srcset=\"https:\/\/minimoments.se\/wp-content\/uploads\/2026\/03\/minimoments-7-300x300.png 300w, https:\/\/minimoments.se\/wp-content\/uploads\/2026\/03\/minimoments-7-1024x1024.png 1024w, https:\/\/minimoments.se\/wp-content\/uploads\/2026\/03\/minimoments-7-150x150.png 150w, https:\/\/minimoments.se\/wp-content\/uploads\/2026\/03\/minimoments-7-768x768.png 768w, https:\/\/minimoments.se\/wp-content\/uploads\/2026\/03\/minimoments-7-1536x1536.png 1536w, https:\/\/minimoments.se\/wp-content\/uploads\/2026\/03\/minimoments-7-600x600.png 600w, https:\/\/minimoments.se\/wp-content\/uploads\/2026\/03\/minimoments-7-100x100.png 100w, https:\/\/minimoments.se\/wp-content\/uploads\/2026\/03\/minimoments-7.png 2000w\" sizes=\"(max-width: 300px) 100vw, 300px\" \/><h2 class=\"woocommerce-loop-product__title\">Presentkort &#8211; Baby-Spa upplevelse<\/h2>\n\t<span class=\"price\"><span class=\"woocommerce-Price-amount amount\"><bdi>599,00&nbsp;<span class=\"woocommerce-Price-currencySymbol\">&#107;&#114;<\/span><\/bdi><\/span><\/span>\n<\/a><a href=\"\/index.php\/wp-json\/wp\/v2\/pages\/521?add-to-cart=801\" aria-describedby=\"woocommerce_loop_add_to_cart_link_describedby_801\" data-quantity=\"1\" class=\"button product_type_simple add_to_cart_button ajax_add_to_cart\" data-product_id=\"801\" data-product_sku=\"\" aria-label=\"L\u00e4gg till i varukorgen: \u201dPresentkort - Baby-Spa upplevelse\u201d\" rel=\"nofollow\" data-success_message=\"&quot;Presentkort - Baby-Spa upplevelse&quot; har lagts till i din varukorg\" role=\"button\">K\u00f6p presentkort<\/a>\t<span id=\"woocommerce_loop_add_to_cart_link_describedby_801\" class=\"screen-reader-text\">\n\t\t\t<\/span>\n<\/li>\n<\/ul>\n<\/div>\t\t\t\t\t\t\t\t<\/div>\n\t\t\t\t\t<\/div>\n\t\t\t\t<\/div>\n\t\t\t\t<\/div>\n\t\t","protected":false},"excerpt":{"rendered":"<p>Baby-Spa i \u00d6rebro V\u00e4lkommen till miniMoments baby-spa i \u00d6rebro. H\u00e4r f\u00e5r du och din bebis en lugn och mysig stund [&hellip;]<\/p>\n","protected":false},"author":1,"featured_media":0,"parent":0,"menu_order":0,"comment_status":"closed","ping_status":"closed","template":"","meta":{"site-sidebar-layout":"no-sidebar","site-content-layout":"","ast-site-content-layout":"full-width-container","site-content-style":"default","site-sidebar-style":"default","ast-global-header-display":"","ast-banner-title-visibility":"","ast-main-header-display":"","ast-hfb-above-header-display":"","ast-hfb-below-header-display":"","ast-hfb-mobile-header-display":"","site-post-title":"","ast-breadcrumbs-content":"","ast-featured-img":"disabled","footer-sml-layout":"","ast-disable-related-posts":"","theme-transparent-header-meta":"","adv-header-id-meta":"","stick-header-meta":"","header-above-stick-meta":"","header-main-stick-meta":"","header-below-stick-meta":"","astra-migrate-meta-layouts":"default","ast-page-background-enabled":"default","ast-page-background-meta":{"desktop":{"background-color":"var(--ast-global-color-5)","background-image":"","background-repeat":"repeat","background-position":"center center","background-size":"auto","background-attachment":"scroll","background-type":"","background-media":"","overlay-type":"","overlay-color":"","overlay-opacity":"","overlay-gradient":""},"tablet":{"background-color":"","background-image":"","background-repeat":"repeat","background-position":"center center","background-size":"auto","background-attachment":"scroll","background-type":"","background-media":"","overlay-type":"","overlay-color":"","overlay-opacity":"","overlay-gradient":""},"mobile":{"background-color":"","background-image":"","background-repeat":"repeat","background-position":"center center","background-size":"auto","background-attachment":"scroll","background-type":"","background-media":"","overlay-type":"","overlay-color":"","overlay-opacity":"","overlay-gradient":""}},"ast-content-background-meta":{"desktop":{"background-color":"var(--ast-global-color-4)","background-image":"","background-repeat":"repeat","background-position":"center center","background-size":"auto","background-attachment":"scroll","background-type":"","background-media":"","overlay-type":"","overlay-color":"","overlay-opacity":"","overlay-gradient":""},"tablet":{"background-color":"var(--ast-global-color-4)","background-image":"","background-repeat":"repeat","background-position":"center center","background-size":"auto","background-attachment":"scroll","background-type":"","background-media":"","overlay-type":"","overlay-color":"","overlay-opacity":"","overlay-gradient":""},"mobile":{"background-color":"var(--ast-global-color-4)","background-image":"","background-repeat":"repeat","background-position":"center center","background-size":"auto","background-attachment":"scroll","background-type":"","background-media":"","overlay-type":"","overlay-color":"","overlay-opacity":"","overlay-gradient":""}},"footnotes":""},"class_list":["post-521","page","type-page","status-publish","hentry"],"jetpack_sharing_enabled":true,"_links":{"self":[{"href":"https:\/\/minimoments.se\/index.php\/wp-json\/wp\/v2\/pages\/521","targetHints":{"allow":["GET"]}}],"collection":[{"href":"https:\/\/minimoments.se\/index.php\/wp-json\/wp\/v2\/pages"}],"about":[{"href":"https:\/\/minimoments.se\/index.php\/wp-json\/wp\/v2\/types\/page"}],"author":[{"embeddable":true,"href":"https:\/\/minimoments.se\/index.php\/wp-json\/wp\/v2\/users\/1"}],"replies":[{"embeddable":true,"href":"https:\/\/minimoments.se\/index.php\/wp-json\/wp\/v2\/comments?post=521"}],"version-history":[{"count":46,"href":"https:\/\/minimoments.se\/index.php\/wp-json\/wp\/v2\/pages\/521\/revisions"}],"predecessor-version":[{"id":681,"href":"https:\/\/minimoments.se\/index.php\/wp-json\/wp\/v2\/pages\/521\/revisions\/681"}],"wp:attachment":[{"href":"https:\/\/minimoments.se\/index.php\/wp-json\/wp\/v2\/media?parent=521"}],"curies":[{"name":"wp","href":"https:\/\/api.w.org\/{rel}","templated":true}]}}