{"id":566,"date":"2026-03-11T13:31:27","date_gmt":"2026-03-11T12:31:27","guid":{"rendered":"https:\/\/minimoments.se\/?page_id=566"},"modified":"2026-03-31T19:20:35","modified_gmt":"2026-03-31T17:20:35","slug":"om-minimoments","status":"publish","type":"page","link":"https:\/\/minimoments.se\/index.php\/om-minimoments\/","title":{"rendered":"Om miniMoments"},"content":{"rendered":"\t\t<div data-elementor-type=\"wp-page\" data-elementor-id=\"566\" class=\"elementor elementor-566\">\n\t\t\t\t<div class=\"elementor-element elementor-element-99847ad e-flex e-con-boxed e-con e-parent\" data-id=\"99847ad\" data-element_type=\"container\" data-e-type=\"container\">\n\t\t\t\t\t<div class=\"e-con-inner\">\n\t\t\t\t<div class=\"elementor-element elementor-element-e497add elementor-widget elementor-widget-heading\" data-id=\"e497add\" data-element_type=\"widget\" data-e-type=\"widget\" data-widget_type=\"heading.default\">\n\t\t\t\t\t<h2 class=\"elementor-heading-title elementor-size-default\">V\u00e4lkommen till miniMoments<\/h2>\t\t\t\t<\/div>\n\t\t\t\t\t<\/div>\n\t\t\t\t<\/div>\n\t\t<div class=\"elementor-element elementor-element-99c8fb6 e-flex e-con-boxed e-con e-parent\" data-id=\"99c8fb6\" data-element_type=\"container\" data-e-type=\"container\">\n\t\t\t\t\t<div class=\"e-con-inner\">\n\t\t\t\t<div class=\"elementor-element elementor-element-cd64eb8 elementor-widget elementor-widget-image\" data-id=\"cd64eb8\" data-element_type=\"widget\" data-e-type=\"widget\" data-widget_type=\"image.default\">\n\t\t\t\t\t\t\t\t\t\t\t\t\t\t\t<img fetchpriority=\"high\" decoding=\"async\" width=\"226\" height=\"300\" src=\"https:\/\/minimoments.se\/wp-content\/uploads\/2026\/03\/img_3591-1-226x300.jpg\" class=\"attachment-medium size-medium wp-image-740\" alt=\"\" srcset=\"https:\/\/minimoments.se\/wp-content\/uploads\/2026\/03\/img_3591-1-226x300.jpg 226w, https:\/\/minimoments.se\/wp-content\/uploads\/2026\/03\/img_3591-1-770x1024.jpg 770w, https:\/\/minimoments.se\/wp-content\/uploads\/2026\/03\/img_3591-1-768x1021.jpg 768w, https:\/\/minimoments.se\/wp-content\/uploads\/2026\/03\/img_3591-1-1155x1536.jpg 1155w, https:\/\/minimoments.se\/wp-content\/uploads\/2026\/03\/img_3591-1-600x798.jpg 600w, https:\/\/minimoments.se\/wp-content\/uploads\/2026\/03\/img_3591-1.jpg 1179w\" sizes=\"(max-width: 226px) 100vw, 226px\" \/>\t\t\t\t\t\t\t\t\t\t\t\t\t\t\t<\/div>\n\t\t\t\t\t<\/div>\n\t\t\t\t<\/div>\n\t\t<div class=\"elementor-element elementor-element-84c627a e-flex e-con-boxed e-con e-parent\" data-id=\"84c627a\" data-element_type=\"container\" data-e-type=\"container\">\n\t\t\t\t\t<div class=\"e-con-inner\">\n\t\t\t\t<div class=\"elementor-element elementor-element-397c3f5 elementor-widget elementor-widget-text-editor\" data-id=\"397c3f5\" data-element_type=\"widget\" data-e-type=\"widget\" data-widget_type=\"text-editor.default\">\n\t\t\t\t\t\t\t\t\t<h2 data-start=\"398\" data-end=\"636\">Om miniMoments<\/h2><p data-start=\"398\" data-end=\"636\"><span class=\"BZ_Pyq_fadeIn\">miniMoments <\/span><span class=\"BZ_Pyq_fadeIn\">skapades <\/span><span class=\"BZ_Pyq_fadeIn\">med <\/span><span class=\"BZ_Pyq_fadeIn\">en <\/span><span class=\"BZ_Pyq_fadeIn\">\u00f6nskan <\/span><span class=\"BZ_Pyq_fadeIn\">om <\/span><span class=\"BZ_Pyq_fadeIn\">att <\/span><span class=\"BZ_Pyq_fadeIn\">ge <\/span><span class=\"BZ_Pyq_fadeIn\">sm\u00e5 <\/span><span class=\"BZ_Pyq_fadeIn\">barn <\/span><span class=\"BZ_Pyq_fadeIn\">och <\/span><span class=\"BZ_Pyq_fadeIn\">deras <\/span><span class=\"BZ_Pyq_fadeIn\">familjer <\/span><span class=\"BZ_Pyq_fadeIn\">en <\/span><span class=\"BZ_Pyq_fadeIn\">lugn, <\/span><span class=\"BZ_Pyq_fadeIn\">trygg <\/span><span class=\"BZ_Pyq_fadeIn\">stund <\/span><span class=\"BZ_Pyq_fadeIn\">tillsammans.<\/span><br data-start=\"504\" data-end=\"507\" \/><span class=\"BZ_Pyq_fadeIn\">I <\/span><span class=\"BZ_Pyq_fadeIn\">en <\/span><span class=\"BZ_Pyq_fadeIn\">vardag <\/span><span class=\"BZ_Pyq_fadeIn\">som <\/span><span class=\"BZ_Pyq_fadeIn\">ofta <\/span><span class=\"BZ_Pyq_fadeIn\">\u00e4r <\/span><span class=\"BZ_Pyq_fadeIn\">fylld <\/span><span class=\"BZ_Pyq_fadeIn\">av <\/span><span class=\"BZ_Pyq_fadeIn\">tempo <\/span><span class=\"BZ_Pyq_fadeIn\">och <\/span><span class=\"BZ_Pyq_fadeIn\">intryck <\/span><span class=\"BZ_Pyq_fadeIn\">vill <\/span><span class=\"BZ_Pyq_fadeIn\">vi <\/span><span class=\"BZ_Pyq_fadeIn\">skapa <\/span><span class=\"BZ_Pyq_fadeIn\">en <\/span><span class=\"BZ_Pyq_fadeIn\">plats <\/span><span class=\"BZ_Pyq_fadeIn\">d\u00e4r <\/span><span class=\"BZ_Pyq_fadeIn\">ni <\/span><span class=\"BZ_Pyq_fadeIn\">kan <\/span><span class=\"BZ_Pyq_fadeIn\">landa, <\/span><span class=\"BZ_Pyq_fadeIn\">vara <\/span><span class=\"BZ_Pyq_fadeIn\">n\u00e4ra <\/span><span class=\"BZ_Pyq_fadeIn\">och <\/span><span class=\"BZ_Pyq_fadeIn\">bara <\/span><span class=\"BZ_Pyq_fadeIn\">f\u00e5 <\/span><span class=\"BZ_Pyq_fadeIn\">vara <\/span><span class=\"BZ_Pyq_fadeIn\">i <\/span><span class=\"BZ_Pyq_fadeIn\">stunden.<\/span><\/p><p data-start=\"638\" data-end=\"839\"><span class=\"BZ_Pyq_fadeIn\">Hos <\/span><span class=\"BZ_Pyq_fadeIn\">oss <\/span><span class=\"BZ_Pyq_fadeIn\">st\u00e5r <\/span><span class=\"BZ_Pyq_fadeIn\">n\u00e4rhet, <\/span><span class=\"BZ_Pyq_fadeIn\">v\u00e4lm\u00e5ende <\/span><span class=\"BZ_Pyq_fadeIn\">och <\/span><span class=\"BZ_Pyq_fadeIn\">omtanke <\/span><span class=\"BZ_Pyq_fadeIn\">i <\/span><span class=\"BZ_Pyq_fadeIn\">centrum. <\/span><span class=\"BZ_Pyq_fadeIn\">Genom <\/span><span class=\"BZ_Pyq_fadeIn\">baby-<\/span><span class=\"BZ_Pyq_fadeIn\">spa <\/span><span class=\"BZ_Pyq_fadeIn\">upplevelser <\/span><span class=\"BZ_Pyq_fadeIn\">och <\/span><span class=\"BZ_Pyq_fadeIn\">noggrant <\/span><span class=\"BZ_Pyq_fadeIn\">utvalda <\/span><span class=\"BZ_Pyq_fadeIn\">produkter <\/span><span class=\"BZ_Pyq_fadeIn\">vill <\/span><span class=\"BZ_Pyq_fadeIn\">vi <\/span><span class=\"BZ_Pyq_fadeIn\">bidra <\/span><span class=\"BZ_Pyq_fadeIn\">till <\/span><span class=\"BZ_Pyq_fadeIn\">sm\u00e5 <\/span><span class=\"BZ_Pyq_fadeIn\">stunder <\/span><span class=\"BZ_Pyq_fadeIn\">som <\/span><span class=\"BZ_Pyq_fadeIn\">g\u00f6r <\/span><span class=\"BZ_Pyq_fadeIn\">stor <\/span><span class=\"BZ_Pyq_fadeIn\">skillnad \u2014 <\/span><span class=\"BZ_Pyq_fadeIn\">b\u00e5de <\/span><span class=\"BZ_Pyq_fadeIn\">f\u00f6r <\/span><span class=\"BZ_Pyq_fadeIn\">barnet <\/span><span class=\"BZ_Pyq_fadeIn\">och <\/span><span class=\"BZ_Pyq_fadeIn\">f\u00f6r <\/span><span class=\"BZ_Pyq_fadeIn\">den <\/span><span class=\"BZ_Pyq_fadeIn\">vuxna.<\/span><\/p><p data-start=\"841\" data-end=\"1125\"><span class=\"BZ_Pyq_fadeIn\">V\u00e5r <\/span><span class=\"BZ_Pyq_fadeIn\">vision <\/span><span class=\"BZ_Pyq_fadeIn\">\u00e4r <\/span><span class=\"BZ_Pyq_fadeIn\">att <\/span><span class=\"BZ_Pyq_fadeIn\">successivt <\/span><span class=\"BZ_Pyq_fadeIn\">utveckla <\/span><span class=\"BZ_Pyq_fadeIn\">miniMoments <\/span><span class=\"BZ_Pyq_fadeIn\">till <\/span><span class=\"BZ_Pyq_fadeIn\">en <\/span><span class=\"BZ_Pyq_fadeIn\">m\u00f6tesplats <\/span><span class=\"BZ_Pyq_fadeIn\">f\u00f6r <\/span><span class=\"BZ_Pyq_fadeIn\">lugna <\/span><span class=\"BZ_Pyq_fadeIn\">och <\/span><span class=\"BZ_Pyq_fadeIn\">sinnliga <\/span><span class=\"BZ_Pyq_fadeIn\">upplevelser <\/span><span class=\"BZ_Pyq_fadeIn\">f\u00f6r <\/span><span class=\"BZ_Pyq_fadeIn\">de <\/span><span class=\"BZ_Pyq_fadeIn\">allra <\/span><span class=\"BZ_Pyq_fadeIn\">minsta. <\/span><span class=\"BZ_Pyq_fadeIn\">Fram\u00f6ver <\/span><span class=\"BZ_Pyq_fadeIn\">planerar <\/span><span class=\"BZ_Pyq_fadeIn\">vi <\/span><span class=\"BZ_Pyq_fadeIn\">\u00e4ven <\/span><span class=\"BZ_Pyq_fadeIn\">aktiviteter <\/span><span class=\"BZ_Pyq_fadeIn\">som <\/span><span class=\"BZ_Pyq_fadeIn\">baby <\/span><span class=\"BZ_Pyq_fadeIn\">sensory-<\/span><span class=\"BZ_Pyq_fadeIn\">grupper, <\/span><span class=\"BZ_Pyq_fadeIn\">baby <\/span><span class=\"BZ_Pyq_fadeIn\">painting <\/span><span class=\"BZ_Pyq_fadeIn\">och <\/span><span class=\"BZ_Pyq_fadeIn\">andra <\/span><span class=\"BZ_Pyq_fadeIn\">stunder <\/span><span class=\"BZ_Pyq_fadeIn\">som <\/span><span class=\"BZ_Pyq_fadeIn\">stimulerar <\/span><span class=\"BZ_Pyq_fadeIn\">barnets <\/span><span class=\"BZ_Pyq_fadeIn\">utveckling <\/span><span class=\"BZ_Pyq_fadeIn\">p\u00e5 <\/span><span class=\"BZ_Pyq_fadeIn\">ett <\/span><span class=\"BZ_Pyq_fadeIn\">mjukt <\/span><span class=\"BZ_Pyq_fadeIn\">och <\/span><span class=\"BZ_Pyq_fadeIn\">tryggt <\/span><span class=\"BZ_Pyq_fadeIn\">s\u00e4tt.<\/span><\/p><p data-start=\"1127\" data-end=\"1275\"><span class=\"BZ_Pyq_fadeIn\">miniMoments <\/span><span class=\"BZ_Pyq_fadeIn\">drivs <\/span><span class=\"BZ_Pyq_fadeIn\">inom <\/span><span class=\"BZ_Pyq_fadeIn\">ramen <\/span><span class=\"BZ_Pyq_fadeIn\">f\u00f6r <\/span><span class=\"BZ_Pyq_fadeIn\">miniStuds <\/span><span class=\"BZ_Pyq_fadeIn\">AB, <\/span><span class=\"BZ_Pyq_fadeIn\">men <\/span><span class=\"BZ_Pyq_fadeIn\">\u00e4r <\/span><span class=\"BZ_Pyq_fadeIn\">ett <\/span><span class=\"BZ_Pyq_fadeIn\">eget <\/span><span class=\"BZ_Pyq_fadeIn\">koncept <\/span><span class=\"BZ_Pyq_fadeIn\">med <\/span><span class=\"BZ_Pyq_fadeIn\">fokus <\/span><span class=\"BZ_Pyq_fadeIn\">p\u00e5 <\/span><span class=\"BZ_Pyq_fadeIn\">lugna <\/span><span class=\"BZ_Pyq_fadeIn\">upplevelser <\/span><span class=\"BZ_Pyq_fadeIn\">och <\/span><span class=\"BZ_Pyq_fadeIn\">v\u00e4lm\u00e5ende <\/span><span class=\"BZ_Pyq_fadeIn\">f\u00f6r <\/span><span class=\"BZ_Pyq_fadeIn\">sm\u00e5 <\/span><span class=\"BZ_Pyq_fadeIn\">barn <\/span><span class=\"BZ_Pyq_fadeIn\">och <\/span><span class=\"BZ_Pyq_fadeIn\">deras <\/span><span class=\"BZ_Pyq_fadeIn\">familjer.<\/span><\/p><p data-start=\"1127\" data-end=\"1275\">Vi l\u00e4ngtar efter att v\u00e4lkomna er!<\/p>\t\t\t\t\t\t\t\t<\/div>\n\t\t\t\t\t<\/div>\n\t\t\t\t<\/div>\n\t\t<div class=\"elementor-element elementor-element-3201a40 e-flex e-con-boxed e-con e-parent\" data-id=\"3201a40\" data-element_type=\"container\" data-e-type=\"container\">\n\t\t\t\t\t<div class=\"e-con-inner\">\n\t\t\t\t<div class=\"elementor-element elementor-element-e8df9a4 elementor-align-center elementor-widget elementor-widget-button\" data-id=\"e8df9a4\" data-element_type=\"widget\" data-e-type=\"widget\" data-widget_type=\"button.default\">\n\t\t\t\t\t\t\t\t\t\t<a class=\"elementor-button elementor-button-link elementor-size-sm\" href=\"https:\/\/minimoments.se\/index.php\/baby-spa\/\">\n\t\t\t\t\t\t<span class=\"elementor-button-content-wrapper\">\n\t\t\t\t\t\t\t\t\t<span class=\"elementor-button-text\">BOKA H\u00c4R<\/span>\n\t\t\t\t\t<\/span>\n\t\t\t\t\t<\/a>\n\t\t\t\t\t\t\t\t<\/div>\n\t\t\t\t\t<\/div>\n\t\t\t\t<\/div>\n\t\t<div class=\"elementor-element elementor-element-da49222 e-flex e-con-boxed e-con e-parent\" data-id=\"da49222\" data-element_type=\"container\" data-e-type=\"container\">\n\t\t\t\t\t<div class=\"e-con-inner\">\n\t\t\t\t<div class=\"elementor-element elementor-element-d0e1350 elementor-widget elementor-widget-text-editor\" data-id=\"d0e1350\" data-element_type=\"widget\" data-e-type=\"widget\" data-widget_type=\"text-editor.default\">\n\t\t\t\t\t\t\t\t\t<h3 data-section-id=\"iuigmg\" data-start=\"431\" data-end=\"461\">Vem \u00e4r det dom driver miniMoments?<\/h3><p data-start=\"463\" data-end=\"543\">Jag som har startat miniMoments heter Rebecca och min vision \u00e4r att skapa trygga och lugna stunder f\u00f6r sm\u00e5 barn och deras vuxna.<\/p><p data-start=\"545\" data-end=\"716\">Genom mitt arbete med barn har jag sett hur mycket n\u00e4rhet, ber\u00f6ring och lugn milj\u00f6 kan betyda \u2013 b\u00e5de f\u00f6r barnets v\u00e4lbefinnande och f\u00f6r relationen mellan barn och f\u00f6r\u00e4lder.<\/p><p data-start=\"718\" data-end=\"854\">Med miniMoments vill jag skapa en plats d\u00e4r ni f\u00e5r m\u00f6jlighet att stanna upp en stund i vardagen, landa tillsammans och bara vara i nuet.<\/p><p data-start=\"856\" data-end=\"961\">Det \u00e4r med stor omsorg och v\u00e4rme jag ser fram emot att f\u00e5 v\u00e4lkomna er och era sm\u00e5 till babyspa hos oss \ud83e\udd0d<\/p><h1 data-start=\"856\" data-end=\"961\">\u00a0<\/h1><h3 data-start=\"856\" data-end=\"961\">Returpolicy:<\/h3><p>\ud83c\udf3f Returpolicy \u2013 miniMoments<\/p><p>Vi p\u00e5 miniMoments vill att du ska k\u00e4nna dig trygg med ditt k\u00f6p hos oss. Nedan hittar du information om returer, \u00e5ngerr\u00e4tt och reklamation.<\/p><p>\ud83d\udd01 \u00c5ngerr\u00e4tt <br \/>Som kund har du 14 dagars \u00e5ngerr\u00e4tt enligt distansavtalslagen. \u00c5ngerfristen b\u00f6rjar g\u00e4lla fr\u00e5n den dag du mottagit din vara.<\/p><p>F\u00f6r att utnyttja \u00e5ngerr\u00e4tten ska produkten vara oanv\u00e4nd, i originalskick och i originalf\u00f6rpackning.<\/p><p>Observera att \u00e5ngerr\u00e4tten inte g\u00e4ller f\u00f6r:<br \/>\u2013 Tj\u00e4nster och bokningar (t.ex. Baby-Spa) som p\u00e5b\u00f6rjats vid bokat tillf\u00e4lle <br \/>\u2013 Hygienprodukter d\u00e4r f\u00f6rseglingen brutits<\/p><p>\ud83d\udce6 Retur av vara <br \/>Vid retur st\u00e5r du som kund f\u00f6r returfrakten. Produkten ska packas v\u00e4l s\u00e5 att den inte skadas under transport.<\/p><p>Kontakta oss alltid innan retur via: <br \/>\ud83d\udce7 info@minimoments.se<\/p><p>Vi \u00e5terbetalar beloppet f\u00f6r varan inom 14 dagar efter att vi mottagit och godk\u00e4nt returen.<\/p><p>\u2757 Reklamation <br \/>Om din vara \u00e4r skadad eller felaktig vid leverans ber vi dig kontakta oss s\u00e5 snart som m\u00f6jligt.<\/p><p>Skicka ett mejl till: <br \/>\ud83d\udce7 info@minimoments.se <br \/>Bifoga bild p\u00e5 produkten och beskriv felet.<\/p><p>Vi f\u00f6ljer Konsumentk\u00f6plagen och erbjuder ers\u00e4ttning, omleverans eller \u00e5terbetalning vid godk\u00e4nd reklamation.<\/p><p>\ud83d\udcb3 \u00c5terbetalning <br \/>\u00c5terbetalning sker via samma betalningsmetod som anv\u00e4ndes vid k\u00f6pet, om inget annat \u00f6verenskommits.<\/p><p>\ud83d\udc9b Har du fr\u00e5gor? <br \/>Du \u00e4r alltid v\u00e4lkommen att kontakta oss \u2013 vi hj\u00e4lper dig g\u00e4rna!<\/p>\t\t\t\t\t\t\t\t<\/div>\n\t\t\t\t\t<\/div>\n\t\t\t\t<\/div>\n\t\t\t\t<\/div>\n\t\t","protected":false},"excerpt":{"rendered":"<p>V\u00e4lkommen till miniMoments Om miniMoments miniMoments skapades med en \u00f6nskan om att ge sm\u00e5 barn och deras familjer en lugn, [&hellip;]<\/p>\n","protected":false},"author":1,"featured_media":0,"parent":0,"menu_order":0,"comment_status":"closed","ping_status":"closed","template":"","meta":{"site-sidebar-layout":"no-sidebar","site-content-layout":"","ast-site-content-layout":"full-width-container","site-content-style":"default","site-sidebar-style":"default","ast-global-header-display":"","ast-banner-title-visibility":"","ast-main-header-display":"","ast-hfb-above-header-display":"","ast-hfb-below-header-display":"","ast-hfb-mobile-header-display":"","site-post-title":"","ast-breadcrumbs-content":"","ast-featured-img":"disabled","footer-sml-layout":"","ast-disable-related-posts":"","theme-transparent-header-meta":"","adv-header-id-meta":"","stick-header-meta":"","header-above-stick-meta":"","header-main-stick-meta":"","header-below-stick-meta":"","astra-migrate-meta-layouts":"default","ast-page-background-enabled":"default","ast-page-background-meta":{"desktop":{"background-color":"var(--ast-global-color-5)","background-image":"","background-repeat":"repeat","background-position":"center center","background-size":"auto","background-attachment":"scroll","background-type":"","background-media":"","overlay-type":"","overlay-color":"","overlay-opacity":"","overlay-gradient":""},"tablet":{"background-color":"","background-image":"","background-repeat":"repeat","background-position":"center center","background-size":"auto","background-attachment":"scroll","background-type":"","background-media":"","overlay-type":"","overlay-color":"","overlay-opacity":"","overlay-gradient":""},"mobile":{"background-color":"","background-image":"","background-repeat":"repeat","background-position":"center center","background-size":"auto","background-attachment":"scroll","background-type":"","background-media":"","overlay-type":"","overlay-color":"","overlay-opacity":"","overlay-gradient":""}},"ast-content-background-meta":{"desktop":{"background-color":"var(--ast-global-color-4)","background-image":"","background-repeat":"repeat","background-position":"center center","background-size":"auto","background-attachment":"scroll","background-type":"","background-media":"","overlay-type":"","overlay-color":"","overlay-opacity":"","overlay-gradient":""},"tablet":{"background-color":"var(--ast-global-color-4)","background-image":"","background-repeat":"repeat","background-position":"center center","background-size":"auto","background-attachment":"scroll","background-type":"","background-media":"","overlay-type":"","overlay-color":"","overlay-opacity":"","overlay-gradient":""},"mobile":{"background-color":"var(--ast-global-color-4)","background-image":"","background-repeat":"repeat","background-position":"center center","background-size":"auto","background-attachment":"scroll","background-type":"","background-media":"","overlay-type":"","overlay-color":"","overlay-opacity":"","overlay-gradient":""}},"footnotes":""},"class_list":["post-566","page","type-page","status-publish","hentry"],"jetpack_sharing_enabled":true,"_links":{"self":[{"href":"https:\/\/minimoments.se\/index.php\/wp-json\/wp\/v2\/pages\/566","targetHints":{"allow":["GET"]}}],"collection":[{"href":"https:\/\/minimoments.se\/index.php\/wp-json\/wp\/v2\/pages"}],"about":[{"href":"https:\/\/minimoments.se\/index.php\/wp-json\/wp\/v2\/types\/page"}],"author":[{"embeddable":true,"href":"https:\/\/minimoments.se\/index.php\/wp-json\/wp\/v2\/users\/1"}],"replies":[{"embeddable":true,"href":"https:\/\/minimoments.se\/index.php\/wp-json\/wp\/v2\/comments?post=566"}],"version-history":[{"count":29,"href":"https:\/\/minimoments.se\/index.php\/wp-json\/wp\/v2\/pages\/566\/revisions"}],"predecessor-version":[{"id":753,"href":"https:\/\/minimoments.se\/index.php\/wp-json\/wp\/v2\/pages\/566\/revisions\/753"}],"wp:attachment":[{"href":"https:\/\/minimoments.se\/index.php\/wp-json\/wp\/v2\/media?parent=566"}],"curies":[{"name":"wp","href":"https:\/\/api.w.org\/{rel}","templated":true}]}}