{"id":174,"date":"2026-02-28T14:49:44","date_gmt":"2026-02-28T13:49:44","guid":{"rendered":"https:\/\/minimoments.se\/?post_type=product&#038;p=174"},"modified":"2026-04-16T15:44:51","modified_gmt":"2026-04-16T13:44:51","slug":"badleksak-bat","status":"publish","type":"product","link":"https:\/\/minimoments.se\/index.php\/produkt\/badleksak-bat\/","title":{"rendered":"Badb\u00e5t f\u00f6r lek och vattenlek"},"content":{"rendered":"<div class=\"product-details-module__title ec-header-h6\">\n<h3>Badb\u00e5t f\u00f6r lek och vattenlek<\/h3>\n<p>En liten badb\u00e5t som g\u00f6r badstunden \u00e4nnu roligare.<\/p>\n<p>Denna fina badb\u00e5t \u00e4r perfekt f\u00f6r lek i badkaret eller under badstunden. Den \u00e4r l\u00e4tt f\u00f6r sm\u00e5 h\u00e4nder att greppa och uppmuntrar till lek, utforskande och nyfikenhet i vattnet.<\/p>\n<p>P\u00e5 toppen av b\u00e5ten finns sm\u00e5 h\u00e5l som g\u00f6r att den \u00e4ven kan anv\u00e4ndas som en liten sil. Fyll b\u00e5ten med vatten och l\u00e5t det mjukt rinna genom h\u00e5len \u2013 ett roligt och varsamt s\u00e4tt att sk\u00f6lja vatten \u00f6ver barnets huvud under badet.<\/p>\n<p>B\u00e5ten fungerar ocks\u00e5 fint som en enkel vattenleksak d\u00e4r barnet kan fylla, h\u00e4lla och utforska hur vattnet rinner genom h\u00e5len.<\/p>\n<p>En uppskattad liten badleksak som kan bli en naturlig del av badstunden.<\/p>\n<p>Passar perfekt f\u00f6r<\/p>\n<p>\u2022 Lek och utforskande i badkaret<\/p>\n<p>\u2022 Att h\u00e4lla och ringla vatten<\/p>\n<p>\u2022 Att varsamt sk\u00f6lja vatten \u00f6ver barnets huvud<\/p>\n<p>\u2022 Sensorisk vattenlek<\/p>\n<p>S\u00e4ljs styckvis.<\/p>\n<p>Levereras i assorterade f\u00e4rger.<\/p>\n<\/div>\n","protected":false},"excerpt":{"rendered":"<p><strong>Badb\u00e5t f\u00f6r lek i badet<\/strong><\/p>\n<p>En liten badb\u00e5t som g\u00f6r badstunden roligare.<\/p>\n<p>Fyll b\u00e5ten med vatten och l\u00e5t det rinna genom h\u00e5len p\u00e5 toppen \u2013 perfekt f\u00f6r att varsamt sk\u00f6lja vatten \u00f6ver barnets huvud eller f\u00f6r lek i badet.<\/p>\n<p>S\u00e4ljs styckvis.<\/p>\n<p>Levereras i assorterade f\u00e4rger.<\/p>\n","protected":false},"featured_media":168,"comment_status":"open","ping_status":"closed","template":"","meta":{"site-sidebar-layout":"default","site-content-layout":"","ast-site-content-layout":"default","site-content-style":"default","site-sidebar-style":"default","ast-global-header-display":"","ast-banner-title-visibility":"","ast-main-header-display":"","ast-hfb-above-header-display":"","ast-hfb-below-header-display":"","ast-hfb-mobile-header-display":"","site-post-title":"","ast-breadcrumbs-content":"","ast-featured-img":"","footer-sml-layout":"","ast-disable-related-posts":"","theme-transparent-header-meta":"default","adv-header-id-meta":"","stick-header-meta":"","header-above-stick-meta":"","header-main-stick-meta":"","header-below-stick-meta":"","astra-migrate-meta-layouts":"set","ast-page-background-enabled":"default","ast-page-background-meta":{"desktop":{"background-color":"var(--ast-global-color-5)","background-image":"","background-repeat":"repeat","background-position":"center center","background-size":"auto","background-attachment":"scroll","background-type":"","background-media":"","overlay-type":"","overlay-color":"","overlay-opacity":"","overlay-gradient":""},"tablet":{"background-color":"","background-image":"","background-repeat":"repeat","background-position":"center center","background-size":"auto","background-attachment":"scroll","background-type":"","background-media":"","overlay-type":"","overlay-color":"","overlay-opacity":"","overlay-gradient":""},"mobile":{"background-color":"","background-image":"","background-repeat":"repeat","background-position":"center center","background-size":"auto","background-attachment":"scroll","background-type":"","background-media":"","overlay-type":"","overlay-color":"","overlay-opacity":"","overlay-gradient":""}},"ast-content-background-meta":{"desktop":{"background-color":"var(--ast-global-color-4)","background-image":"","background-repeat":"repeat","background-position":"center center","background-size":"auto","background-attachment":"scroll","background-type":"","background-media":"","overlay-type":"","overlay-color":"","overlay-opacity":"","overlay-gradient":""},"tablet":{"background-color":"var(--ast-global-color-4)","background-image":"","background-repeat":"repeat","background-position":"center center","background-size":"auto","background-attachment":"scroll","background-type":"","background-media":"","overlay-type":"","overlay-color":"","overlay-opacity":"","overlay-gradient":""},"mobile":{"background-color":"var(--ast-global-color-4)","background-image":"","background-repeat":"repeat","background-position":"center center","background-size":"auto","background-attachment":"scroll","background-type":"","background-media":"","overlay-type":"","overlay-color":"","overlay-opacity":"","overlay-gradient":""}}},"product_brand":[],"product_cat":[21],"product_tag":[],"class_list":{"0":"post-174","1":"product","2":"type-product","3":"status-publish","4":"has-post-thumbnail","6":"product_cat-produkter","7":"desktop-align-left","8":"tablet-align-left","9":"mobile-align-left","11":"first","12":"instock","13":"taxable","14":"shipping-taxable","15":"purchasable","16":"product-type-simple"},"jetpack_sharing_enabled":true,"_links":{"self":[{"href":"https:\/\/minimoments.se\/index.php\/wp-json\/wp\/v2\/product\/174","targetHints":{"allow":["GET"]}}],"collection":[{"href":"https:\/\/minimoments.se\/index.php\/wp-json\/wp\/v2\/product"}],"about":[{"href":"https:\/\/minimoments.se\/index.php\/wp-json\/wp\/v2\/types\/product"}],"replies":[{"embeddable":true,"href":"https:\/\/minimoments.se\/index.php\/wp-json\/wp\/v2\/comments?post=174"}],"wp:featuredmedia":[{"embeddable":true,"href":"https:\/\/minimoments.se\/index.php\/wp-json\/wp\/v2\/media\/168"}],"wp:attachment":[{"href":"https:\/\/minimoments.se\/index.php\/wp-json\/wp\/v2\/media?parent=174"}],"wp:term":[{"taxonomy":"product_brand","embeddable":true,"href":"https:\/\/minimoments.se\/index.php\/wp-json\/wp\/v2\/product_brand?post=174"},{"taxonomy":"product_cat","embeddable":true,"href":"https:\/\/minimoments.se\/index.php\/wp-json\/wp\/v2\/product_cat?post=174"},{"taxonomy":"product_tag","embeddable":true,"href":"https:\/\/minimoments.se\/index.php\/wp-json\/wp\/v2\/product_tag?post=174"}],"curies":[{"name":"wp","href":"https:\/\/api.w.org\/{rel}","templated":true}]}}