{"id":175,"date":"2026-02-28T14:53:28","date_gmt":"2026-02-28T13:53:28","guid":{"rendered":"https:\/\/minimoments.se\/?post_type=product&#038;p=175"},"modified":"2026-03-11T08:24:46","modified_gmt":"2026-03-11T07:24:46","slug":"nagelborste-baby","status":"publish","type":"product","link":"https:\/\/minimoments.se\/index.php\/produkt\/nagelborste-baby\/","title":{"rendered":"Nagelborste Baby"},"content":{"rendered":"<p data-start=\"406\" data-end=\"630\">En naturlig och omsorgsfullt utformad nagelborste som g\u00f6r det enkelt att h\u00e5lla din bebis h\u00e4nder rena p\u00e5 ett tryggt och skonsamt s\u00e4tt. De mjuka borststr\u00e5na reng\u00f6r effektivt \u00e4ven vid envis smuts, utan att irritera k\u00e4nslig hud.<\/p>\n<p data-start=\"632\" data-end=\"825\">Den charmiga valdesignen ger en lekfull och varm k\u00e4nsla i vardagens sm\u00e5 rutiner. Tillverkad helt utan plast och med material av h\u00f6gsta kvalitet \u2013 ett medvetet val f\u00f6r b\u00e5de ditt barn och milj\u00f6n.<\/p>\n<p data-start=\"827\" data-end=\"954\">Nagelborsten levereras utan f\u00f6rpackning f\u00f6r att minska on\u00f6digt avfall och \u00e4r producerad i Tyskland enligt h\u00f6ga h\u00e5llbarhetskrav.<\/p>\n<p data-start=\"956\" data-end=\"1047\">En fin och praktisk detalj i babyv\u00e5rden, och en uppskattad present till nyblivna f\u00f6r\u00e4ldrar.<\/p>\n","protected":false},"excerpt":{"rendered":"<p>En naturlig och omsorgsfullt utformad nagelborste som g\u00f6r det enkelt att h\u00e5lla din bebis h\u00e4nder rena p\u00e5 ett tryggt och [&hellip;]<\/p>\n","protected":false},"featured_media":179,"comment_status":"open","ping_status":"closed","template":"","meta":{"site-sidebar-layout":"default","site-content-layout":"","ast-site-content-layout":"default","site-content-style":"default","site-sidebar-style":"default","ast-global-header-display":"","ast-banner-title-visibility":"","ast-main-header-display":"","ast-hfb-above-header-display":"","ast-hfb-below-header-display":"","ast-hfb-mobile-header-display":"","site-post-title":"","ast-breadcrumbs-content":"","ast-featured-img":"","footer-sml-layout":"","ast-disable-related-posts":"","theme-transparent-header-meta":"default","adv-header-id-meta":"","stick-header-meta":"","header-above-stick-meta":"","header-main-stick-meta":"","header-below-stick-meta":"","astra-migrate-meta-layouts":"set","ast-page-background-enabled":"default","ast-page-background-meta":{"desktop":{"background-color":"var(--ast-global-color-5)","background-image":"","background-repeat":"repeat","background-position":"center center","background-size":"auto","background-attachment":"scroll","background-type":"","background-media":"","overlay-type":"","overlay-color":"","overlay-opacity":"","overlay-gradient":""},"tablet":{"background-color":"","background-image":"","background-repeat":"repeat","background-position":"center center","background-size":"auto","background-attachment":"scroll","background-type":"","background-media":"","overlay-type":"","overlay-color":"","overlay-opacity":"","overlay-gradient":""},"mobile":{"background-color":"","background-image":"","background-repeat":"repeat","background-position":"center center","background-size":"auto","background-attachment":"scroll","background-type":"","background-media":"","overlay-type":"","overlay-color":"","overlay-opacity":"","overlay-gradient":""}},"ast-content-background-meta":{"desktop":{"background-color":"var(--ast-global-color-4)","background-image":"","background-repeat":"repeat","background-position":"center center","background-size":"auto","background-attachment":"scroll","background-type":"","background-media":"","overlay-type":"","overlay-color":"","overlay-opacity":"","overlay-gradient":""},"tablet":{"background-color":"var(--ast-global-color-4)","background-image":"","background-repeat":"repeat","background-position":"center center","background-size":"auto","background-attachment":"scroll","background-type":"","background-media":"","overlay-type":"","overlay-color":"","overlay-opacity":"","overlay-gradient":""},"mobile":{"background-color":"var(--ast-global-color-4)","background-image":"","background-repeat":"repeat","background-position":"center center","background-size":"auto","background-attachment":"scroll","background-type":"","background-media":"","overlay-type":"","overlay-color":"","overlay-opacity":"","overlay-gradient":""}}},"product_brand":[],"product_cat":[21],"product_tag":[],"class_list":{"0":"post-175","1":"product","2":"type-product","3":"status-publish","4":"has-post-thumbnail","6":"product_cat-produkter","7":"desktop-align-left","8":"tablet-align-left","9":"mobile-align-left","11":"first","12":"instock","13":"taxable","14":"shipping-taxable","15":"purchasable","16":"product-type-simple"},"jetpack_sharing_enabled":true,"_links":{"self":[{"href":"https:\/\/minimoments.se\/index.php\/wp-json\/wp\/v2\/product\/175","targetHints":{"allow":["GET"]}}],"collection":[{"href":"https:\/\/minimoments.se\/index.php\/wp-json\/wp\/v2\/product"}],"about":[{"href":"https:\/\/minimoments.se\/index.php\/wp-json\/wp\/v2\/types\/product"}],"replies":[{"embeddable":true,"href":"https:\/\/minimoments.se\/index.php\/wp-json\/wp\/v2\/comments?post=175"}],"wp:featuredmedia":[{"embeddable":true,"href":"https:\/\/minimoments.se\/index.php\/wp-json\/wp\/v2\/media\/179"}],"wp:attachment":[{"href":"https:\/\/minimoments.se\/index.php\/wp-json\/wp\/v2\/media?parent=175"}],"wp:term":[{"taxonomy":"product_brand","embeddable":true,"href":"https:\/\/minimoments.se\/index.php\/wp-json\/wp\/v2\/product_brand?post=175"},{"taxonomy":"product_cat","embeddable":true,"href":"https:\/\/minimoments.se\/index.php\/wp-json\/wp\/v2\/product_cat?post=175"},{"taxonomy":"product_tag","embeddable":true,"href":"https:\/\/minimoments.se\/index.php\/wp-json\/wp\/v2\/product_tag?post=175"}],"curies":[{"name":"wp","href":"https:\/\/api.w.org\/{rel}","templated":true}]}}