{"id":426,"date":"2026-03-06T13:41:36","date_gmt":"2026-03-06T12:41:36","guid":{"rendered":"https:\/\/minimoments.se\/?post_type=product&#038;p=426"},"modified":"2026-04-08T07:47:29","modified_gmt":"2026-04-08T05:47:29","slug":"wetbag-mini-1818-rosa-gron","status":"publish","type":"product","link":"https:\/\/minimoments.se\/index.php\/produkt\/wetbag-mini-1818-rosa-gron\/","title":{"rendered":"Wetbag mini 18*18 &#8211; finns i flera f\u00e4rger"},"content":{"rendered":"<p>\u2714 Kompakt och l\u00e4tt att ta med<\/p>\n<p>\u2714 En \u00f6ppning med dragkedja<\/p>\n<p>\u2714 Rymmer cirka fem tv\u00e4ttlappar<\/p>\n<p>&nbsp;<\/p>\n<p data-start=\"286\" data-end=\"443\">Wetbag Mini \u00e4r den minsta modellen i serien och passar perfekt f\u00f6r mindre behov i vardagen. Den \u00e4r smidig att ha i sk\u00f6tv\u00e4skan, handv\u00e4skan eller badrumsl\u00e5dan.<\/p>\n<p data-start=\"445\" data-end=\"557\">Tillverkad i fuktresistent material som h\u00e5ller v\u00e4ta inne samtidigt som materialet till\u00e5ter viss luftcirkulation.<\/p>\n<h2 data-start=\"564\" data-end=\"575\">Funktion<\/h2>\n<p data-start=\"577\" data-end=\"659\">P\u00e5sen rymmer cirka fem tv\u00e4ttlappar och fungerar bra f\u00f6r mindre flerg\u00e5ngsprodukter.<\/p>\n<p data-start=\"661\" data-end=\"683\">Passar exempelvis f\u00f6r:<\/p>\n<p data-start=\"685\" data-end=\"768\">\u2013 Tv\u00e4ttlappar<br \/>\n\u2013 Tygbindor<br \/>\n\u2013 Amningsinl\u00e4gg<br \/>\n\u2013 Sockar, underkl\u00e4der<\/p>\n<p data-start=\"770\" data-end=\"835\">En enkel och praktisk l\u00f6sning n\u00e4r du inte beh\u00f6ver en st\u00f6rre p\u00e5se.<\/p>\n<h2 data-end=\"853\" data-start=\"842\">Material<\/h2>\n<p data-end=\"895\" data-start=\"855\">\u00c5tervunnen polyester med TPU-bel\u00e4ggning.<\/p>\n<h2 data-end=\"913\" data-start=\"902\">Tv\u00e4ttr\u00e5d<\/h2>\n<p data-end=\"966\" data-start=\"915\">Tv\u00e4ttas i 40\u201360\u00b0.<br \/>\nLufttorka f\u00f6r l\u00e4ngst livsl\u00e4ngd.<\/p>\n<h2 data-end=\"983\" data-start=\"973\">Storlek<\/h2>\n<p data-end=\"995\" data-start=\"985\">18 \u00d7 18 cm<\/p>\n","protected":false},"excerpt":{"rendered":"<p>\u2714 Kompakt och l\u00e4tt att ta med \u2714 En \u00f6ppning med dragkedja \u2714 Rymmer cirka fem tv\u00e4ttlappar &nbsp; Wetbag Mini [&hellip;]<\/p>\n","protected":false},"featured_media":421,"comment_status":"open","ping_status":"closed","template":"","meta":{"site-sidebar-layout":"default","site-content-layout":"","ast-site-content-layout":"default","site-content-style":"default","site-sidebar-style":"default","ast-global-header-display":"","ast-banner-title-visibility":"","ast-main-header-display":"","ast-hfb-above-header-display":"","ast-hfb-below-header-display":"","ast-hfb-mobile-header-display":"","site-post-title":"","ast-breadcrumbs-content":"","ast-featured-img":"","footer-sml-layout":"","ast-disable-related-posts":"","theme-transparent-header-meta":"default","adv-header-id-meta":"","stick-header-meta":"","header-above-stick-meta":"","header-main-stick-meta":"","header-below-stick-meta":"","astra-migrate-meta-layouts":"set","ast-page-background-enabled":"default","ast-page-background-meta":{"desktop":{"background-color":"var(--ast-global-color-5)","background-image":"","background-repeat":"repeat","background-position":"center center","background-size":"auto","background-attachment":"scroll","background-type":"","background-media":"","overlay-type":"","overlay-color":"","overlay-opacity":"","overlay-gradient":""},"tablet":{"background-color":"","background-image":"","background-repeat":"repeat","background-position":"center center","background-size":"auto","background-attachment":"scroll","background-type":"","background-media":"","overlay-type":"","overlay-color":"","overlay-opacity":"","overlay-gradient":""},"mobile":{"background-color":"","background-image":"","background-repeat":"repeat","background-position":"center center","background-size":"auto","background-attachment":"scroll","background-type":"","background-media":"","overlay-type":"","overlay-color":"","overlay-opacity":"","overlay-gradient":""}},"ast-content-background-meta":{"desktop":{"background-color":"var(--ast-global-color-4)","background-image":"","background-repeat":"repeat","background-position":"center center","background-size":"auto","background-attachment":"scroll","background-type":"","background-media":"","overlay-type":"","overlay-color":"","overlay-opacity":"","overlay-gradient":""},"tablet":{"background-color":"var(--ast-global-color-4)","background-image":"","background-repeat":"repeat","background-position":"center center","background-size":"auto","background-attachment":"scroll","background-type":"","background-media":"","overlay-type":"","overlay-color":"","overlay-opacity":"","overlay-gradient":""},"mobile":{"background-color":"var(--ast-global-color-4)","background-image":"","background-repeat":"repeat","background-position":"center center","background-size":"auto","background-attachment":"scroll","background-type":"","background-media":"","overlay-type":"","overlay-color":"","overlay-opacity":"","overlay-gradient":""}}},"product_brand":[],"product_cat":[21],"product_tag":[],"class_list":{"0":"post-426","1":"product","2":"type-product","3":"status-publish","4":"has-post-thumbnail","6":"product_cat-produkter","7":"desktop-align-left","8":"tablet-align-left","9":"mobile-align-left","11":"first","12":"instock","13":"taxable","14":"shipping-taxable","15":"purchasable","16":"product-type-variable"},"jetpack_sharing_enabled":true,"_links":{"self":[{"href":"https:\/\/minimoments.se\/index.php\/wp-json\/wp\/v2\/product\/426","targetHints":{"allow":["GET"]}}],"collection":[{"href":"https:\/\/minimoments.se\/index.php\/wp-json\/wp\/v2\/product"}],"about":[{"href":"https:\/\/minimoments.se\/index.php\/wp-json\/wp\/v2\/types\/product"}],"replies":[{"embeddable":true,"href":"https:\/\/minimoments.se\/index.php\/wp-json\/wp\/v2\/comments?post=426"}],"wp:featuredmedia":[{"embeddable":true,"href":"https:\/\/minimoments.se\/index.php\/wp-json\/wp\/v2\/media\/421"}],"wp:attachment":[{"href":"https:\/\/minimoments.se\/index.php\/wp-json\/wp\/v2\/media?parent=426"}],"wp:term":[{"taxonomy":"product_brand","embeddable":true,"href":"https:\/\/minimoments.se\/index.php\/wp-json\/wp\/v2\/product_brand?post=426"},{"taxonomy":"product_cat","embeddable":true,"href":"https:\/\/minimoments.se\/index.php\/wp-json\/wp\/v2\/product_cat?post=426"},{"taxonomy":"product_tag","embeddable":true,"href":"https:\/\/minimoments.se\/index.php\/wp-json\/wp\/v2\/product_tag?post=426"}],"curies":[{"name":"wp","href":"https:\/\/api.w.org\/{rel}","templated":true}]}}