{"id":428,"date":"2026-03-06T13:45:14","date_gmt":"2026-03-06T12:45:14","guid":{"rendered":"https:\/\/minimoments.se\/?post_type=product&#038;p=428"},"modified":"2026-03-08T15:01:50","modified_gmt":"2026-03-08T14:01:50","slug":"wetbag-medium-3040-dalablomster","status":"publish","type":"product","link":"https:\/\/minimoments.se\/index.php\/produkt\/wetbag-medium-3040-dalablomster\/","title":{"rendered":"Wetbag medium 30*40 &#8211; finns i flera f\u00e4rger"},"content":{"rendered":"<p>\u2714 F\u00f6rvaring av anv\u00e4nda tygbl\u00f6jor, tygbindor, badkl\u00e4der, tr\u00e4ningskl\u00e4der<\/p>\n<p>\u2714 Fuktresistent material<\/p>\n<p>\u2714 Smidig storlek f\u00f6r vardag &amp; resa<\/p>\n<p>&nbsp;<\/p>\n<p data-end=\"630\" data-start=\"413\">Wetbag Medium \u00e4r en praktisk f\u00f6rvaringsp\u00e5se f\u00f6r anv\u00e4nda tygbl\u00f6jor eller andra flerg\u00e5ngsprodukter. Den \u00e4r tillverkad i fuktresistent material som h\u00e5ller v\u00e4ta inne samtidigt som materialet till\u00e5ter viss luftcirkulation.<\/p>\n<p data-end=\"675\" data-start=\"632\">En smidig l\u00f6sning b\u00e5de hemma och p\u00e5 spr\u00e5ng.<\/p>\n<h2 data-end=\"693\" data-start=\"682\">Funktion<\/h2>\n<p data-end=\"757\" data-start=\"695\">P\u00e5sen rymmer upp till fem tygbl\u00f6jor utan att packas helt full.<\/p>\n<p data-end=\"906\" data-start=\"759\">Den har en extra ficka med dragkedja framtill, vilket g\u00f6r det enkelt att separera rent och anv\u00e4nt \u2013 eller f\u00f6rvara mindre tillbeh\u00f6r som tv\u00e4ttlappar.<\/p>\n<p data-end=\"953\" data-start=\"908\">Passar lika bra i badrummet som i sk\u00f6tv\u00e4skan.<\/p>\n<p data-end=\"970\" data-start=\"955\">Anv\u00e4nd den f\u00f6r:<\/p>\n<p data-end=\"1032\" data-start=\"972\">\u2013 Tygbl\u00f6jor<br \/>\n\u2013 Tygbindor<br \/>\n\u2013 Badkl\u00e4der<br \/>\n\u2013 Tr\u00e4ningskl\u00e4der<\/p>\n<h2 data-end=\"1050\" data-start=\"1039\">Material<\/h2>\n<p data-end=\"1092\" data-start=\"1052\">\u00c5tervunnen polyester med TPU-bel\u00e4ggning.<\/p>\n<h2 data-end=\"1110\" data-start=\"1099\">Tv\u00e4ttr\u00e5d<\/h2>\n<p data-end=\"1163\" data-start=\"1112\">Tv\u00e4ttas i 40\u201360\u00b0.<br \/>\nLufttorka f\u00f6r l\u00e4ngst livsl\u00e4ngd.<\/p>\n<h2 data-end=\"1180\" data-start=\"1170\">Storlek<\/h2>\n<p data-end=\"1192\" data-start=\"1182\">30 \u00d7 40 cm<\/p>\n","protected":false},"excerpt":{"rendered":"<p>\u2714 F\u00f6rvaring av anv\u00e4nda tygbl\u00f6jor, tygbindor, badkl\u00e4der, tr\u00e4ningskl\u00e4der \u2714 Fuktresistent material \u2714 Smidig storlek f\u00f6r vardag &amp; resa &nbsp; Wetbag [&hellip;]<\/p>\n","protected":false},"featured_media":503,"comment_status":"open","ping_status":"closed","template":"","meta":{"site-sidebar-layout":"default","site-content-layout":"","ast-site-content-layout":"default","site-content-style":"default","site-sidebar-style":"default","ast-global-header-display":"","ast-banner-title-visibility":"","ast-main-header-display":"","ast-hfb-above-header-display":"","ast-hfb-below-header-display":"","ast-hfb-mobile-header-display":"","site-post-title":"","ast-breadcrumbs-content":"","ast-featured-img":"","footer-sml-layout":"","ast-disable-related-posts":"","theme-transparent-header-meta":"default","adv-header-id-meta":"","stick-header-meta":"","header-above-stick-meta":"","header-main-stick-meta":"","header-below-stick-meta":"","astra-migrate-meta-layouts":"set","ast-page-background-enabled":"default","ast-page-background-meta":{"desktop":{"background-color":"var(--ast-global-color-5)","background-image":"","background-repeat":"repeat","background-position":"center center","background-size":"auto","background-attachment":"scroll","background-type":"","background-media":"","overlay-type":"","overlay-color":"","overlay-opacity":"","overlay-gradient":""},"tablet":{"background-color":"","background-image":"","background-repeat":"repeat","background-position":"center center","background-size":"auto","background-attachment":"scroll","background-type":"","background-media":"","overlay-type":"","overlay-color":"","overlay-opacity":"","overlay-gradient":""},"mobile":{"background-color":"","background-image":"","background-repeat":"repeat","background-position":"center center","background-size":"auto","background-attachment":"scroll","background-type":"","background-media":"","overlay-type":"","overlay-color":"","overlay-opacity":"","overlay-gradient":""}},"ast-content-background-meta":{"desktop":{"background-color":"var(--ast-global-color-4)","background-image":"","background-repeat":"repeat","background-position":"center center","background-size":"auto","background-attachment":"scroll","background-type":"","background-media":"","overlay-type":"","overlay-color":"","overlay-opacity":"","overlay-gradient":""},"tablet":{"background-color":"var(--ast-global-color-4)","background-image":"","background-repeat":"repeat","background-position":"center center","background-size":"auto","background-attachment":"scroll","background-type":"","background-media":"","overlay-type":"","overlay-color":"","overlay-opacity":"","overlay-gradient":""},"mobile":{"background-color":"var(--ast-global-color-4)","background-image":"","background-repeat":"repeat","background-position":"center center","background-size":"auto","background-attachment":"scroll","background-type":"","background-media":"","overlay-type":"","overlay-color":"","overlay-opacity":"","overlay-gradient":""}}},"product_brand":[],"product_cat":[21],"product_tag":[],"class_list":{"0":"post-428","1":"product","2":"type-product","3":"status-publish","4":"has-post-thumbnail","6":"product_cat-produkter","7":"desktop-align-left","8":"tablet-align-left","9":"mobile-align-left","11":"first","12":"instock","13":"taxable","14":"shipping-taxable","15":"purchasable","16":"product-type-variable"},"jetpack_sharing_enabled":true,"_links":{"self":[{"href":"https:\/\/minimoments.se\/index.php\/wp-json\/wp\/v2\/product\/428","targetHints":{"allow":["GET"]}}],"collection":[{"href":"https:\/\/minimoments.se\/index.php\/wp-json\/wp\/v2\/product"}],"about":[{"href":"https:\/\/minimoments.se\/index.php\/wp-json\/wp\/v2\/types\/product"}],"replies":[{"embeddable":true,"href":"https:\/\/minimoments.se\/index.php\/wp-json\/wp\/v2\/comments?post=428"}],"wp:featuredmedia":[{"embeddable":true,"href":"https:\/\/minimoments.se\/index.php\/wp-json\/wp\/v2\/media\/503"}],"wp:attachment":[{"href":"https:\/\/minimoments.se\/index.php\/wp-json\/wp\/v2\/media?parent=428"}],"wp:term":[{"taxonomy":"product_brand","embeddable":true,"href":"https:\/\/minimoments.se\/index.php\/wp-json\/wp\/v2\/product_brand?post=428"},{"taxonomy":"product_cat","embeddable":true,"href":"https:\/\/minimoments.se\/index.php\/wp-json\/wp\/v2\/product_cat?post=428"},{"taxonomy":"product_tag","embeddable":true,"href":"https:\/\/minimoments.se\/index.php\/wp-json\/wp\/v2\/product_tag?post=428"}],"curies":[{"name":"wp","href":"https:\/\/api.w.org\/{rel}","templated":true}]}}