{"id":490,"date":"2026-03-08T14:47:36","date_gmt":"2026-03-08T13:47:36","guid":{"rendered":"https:\/\/minimoments.se\/index.php\/produkt\/baby-bath-massage-oil\/"},"modified":"2026-03-24T12:33:25","modified_gmt":"2026-03-24T11:33:25","slug":"baby-bath-massage-oil","status":"publish","type":"product","link":"https:\/\/minimoments.se\/index.php\/produkt\/baby-bath-massage-oil\/","title":{"rendered":"Baby Bad &amp; Massage Olja"},"content":{"rendered":"<h3>Baby Bath &amp; Massage Oil<\/h3>\n<p>L\u00e5ng produktbeskrivning<\/p>\n<p>Babyolja f\u00f6r bad och massage<\/p>\n<p>En mild och naturlig babyolja som kan anv\u00e4ndas b\u00e5de i badet och vid lugnande babymassage.<\/p>\n<p>Den v\u00e5rdande blandningen av naturliga oljor hj\u00e4lper till att mjukg\u00f6ra huden samtidigt som den ger en avslappnande stund tillsammans med din bebis. Den milda doften av lavendel och kamomill bidrar till en lugn och rogivande k\u00e4nsla.<\/p>\n<p>Perfekt att anv\u00e4nda efter badet eller under en mjuk massage som en del av er kv\u00e4llsrutin.<\/p>\n<p>Passar perfekt f\u00f6r<\/p>\n<p>\u2022 Babymassage<\/p>\n<p>\u2022 Lugnande bad<\/p>\n<p>\u2022 \u00c5terfuktning av k\u00e4nslig hud<\/p>\n<p>\u2022 Avslappnande kv\u00e4llsrutin<\/p>\n<p>Volym: 50 ml<\/p>\n","protected":false},"excerpt":{"rendered":"<h3>Babyolja f\u00f6r bad och massage<\/h3>\n<p>En mild babyolja med naturliga ingredienser som mjukg\u00f6r huden och passar perfekt f\u00f6r b\u00e5de bad och babymassage.<\/p>\n<p>Den lugnande doften av lavendel och kamomill skapar en avslappnande stund tillsammans.<\/p>\n<p>50 ml.<\/p>\n","protected":false},"featured_media":488,"comment_status":"open","ping_status":"closed","template":"","meta":{"site-sidebar-layout":"default","site-content-layout":"","ast-site-content-layout":"default","site-content-style":"default","site-sidebar-style":"default","ast-global-header-display":"","ast-banner-title-visibility":"","ast-main-header-display":"","ast-hfb-above-header-display":"","ast-hfb-below-header-display":"","ast-hfb-mobile-header-display":"","site-post-title":"","ast-breadcrumbs-content":"","ast-featured-img":"","footer-sml-layout":"","ast-disable-related-posts":"","theme-transparent-header-meta":"","adv-header-id-meta":"","stick-header-meta":"","header-above-stick-meta":"","header-main-stick-meta":"","header-below-stick-meta":"","astra-migrate-meta-layouts":"default","ast-page-background-enabled":"default","ast-page-background-meta":{"desktop":{"background-color":"var(--ast-global-color-5)","background-image":"","background-repeat":"repeat","background-position":"center center","background-size":"auto","background-attachment":"scroll","background-type":"","background-media":"","overlay-type":"","overlay-color":"","overlay-opacity":"","overlay-gradient":""},"tablet":{"background-color":"","background-image":"","background-repeat":"repeat","background-position":"center center","background-size":"auto","background-attachment":"scroll","background-type":"","background-media":"","overlay-type":"","overlay-color":"","overlay-opacity":"","overlay-gradient":""},"mobile":{"background-color":"","background-image":"","background-repeat":"repeat","background-position":"center center","background-size":"auto","background-attachment":"scroll","background-type":"","background-media":"","overlay-type":"","overlay-color":"","overlay-opacity":"","overlay-gradient":""}},"ast-content-background-meta":{"desktop":{"background-color":"var(--ast-global-color-4)","background-image":"","background-repeat":"repeat","background-position":"center center","background-size":"auto","background-attachment":"scroll","background-type":"","background-media":"","overlay-type":"","overlay-color":"","overlay-opacity":"","overlay-gradient":""},"tablet":{"background-color":"var(--ast-global-color-4)","background-image":"","background-repeat":"repeat","background-position":"center center","background-size":"auto","background-attachment":"scroll","background-type":"","background-media":"","overlay-type":"","overlay-color":"","overlay-opacity":"","overlay-gradient":""},"mobile":{"background-color":"var(--ast-global-color-4)","background-image":"","background-repeat":"repeat","background-position":"center center","background-size":"auto","background-attachment":"scroll","background-type":"","background-media":"","overlay-type":"","overlay-color":"","overlay-opacity":"","overlay-gradient":""}}},"product_brand":[],"product_cat":[21],"product_tag":[],"class_list":{"0":"post-490","1":"product","2":"type-product","3":"status-publish","4":"has-post-thumbnail","6":"product_cat-produkter","7":"desktop-align-left","8":"tablet-align-left","9":"mobile-align-left","11":"first","12":"instock","13":"taxable","14":"shipping-taxable","15":"purchasable","16":"product-type-simple"},"jetpack_sharing_enabled":true,"_links":{"self":[{"href":"https:\/\/minimoments.se\/index.php\/wp-json\/wp\/v2\/product\/490","targetHints":{"allow":["GET"]}}],"collection":[{"href":"https:\/\/minimoments.se\/index.php\/wp-json\/wp\/v2\/product"}],"about":[{"href":"https:\/\/minimoments.se\/index.php\/wp-json\/wp\/v2\/types\/product"}],"replies":[{"embeddable":true,"href":"https:\/\/minimoments.se\/index.php\/wp-json\/wp\/v2\/comments?post=490"}],"wp:featuredmedia":[{"embeddable":true,"href":"https:\/\/minimoments.se\/index.php\/wp-json\/wp\/v2\/media\/488"}],"wp:attachment":[{"href":"https:\/\/minimoments.se\/index.php\/wp-json\/wp\/v2\/media?parent=490"}],"wp:term":[{"taxonomy":"product_brand","embeddable":true,"href":"https:\/\/minimoments.se\/index.php\/wp-json\/wp\/v2\/product_brand?post=490"},{"taxonomy":"product_cat","embeddable":true,"href":"https:\/\/minimoments.se\/index.php\/wp-json\/wp\/v2\/product_cat?post=490"},{"taxonomy":"product_tag","embeddable":true,"href":"https:\/\/minimoments.se\/index.php\/wp-json\/wp\/v2\/product_tag?post=490"}],"curies":[{"name":"wp","href":"https:\/\/api.w.org\/{rel}","templated":true}]}}