{"id":493,"date":"2026-03-08T14:51:01","date_gmt":"2026-03-08T13:51:01","guid":{"rendered":"https:\/\/minimoments.se\/index.php\/produkt\/bath-tea-lugnande-bad-for-din-bebis\/"},"modified":"2026-03-24T12:33:16","modified_gmt":"2026-03-24T11:33:16","slug":"bath-tea-lugnande-bad-for-din-bebis","status":"publish","type":"product","link":"https:\/\/minimoments.se\/index.php\/produkt\/bath-tea-lugnande-bad-for-din-bebis\/","title":{"rendered":"Bad-te \u2013 lugnande bad f\u00f6r din bebis"},"content":{"rendered":"<h3>Bath Tea \u2013 lugnande bad f\u00f6r din bebis<\/h3>\n<p>Ett naturligt badte som g\u00f6r badstunden extra mjuk och rogivande.<\/p>\n<p>Badteet inneh\u00e5ller en noggrant utvald blandning av ingredienser som hj\u00e4lper till att lugna och skydda k\u00e4nslig hud. N\u00e4r p\u00e5sen f\u00e5r dra i badvattnet frig\u00f6rs de naturliga \u00e4mnena som g\u00f6r vattnet mjukare och mer skonsamt f\u00f6r huden.<\/p>\n<p>Det \u00e4r ett milt alternativ till tv\u00e5l och passar s\u00e4rskilt bra f\u00f6r bebisar med k\u00e4nslig eller irriterad hud.<\/p>\n<p>S\u00e5 anv\u00e4nder du badteet<\/p>\n<p>Placera inneh\u00e5llet i en muslinp\u00e5se och l\u00e5t den dra i det varma badvattnet i n\u00e5gra minuter.<\/p>\n<p>Pressa l\u00e4tt p\u00e5 p\u00e5sen s\u00e5 att ingredienserna blandas i vattnet.<\/p>\n<p>Kan \u00e4ven anv\u00e4ndas f\u00f6r att f\u00f6rsiktigt tv\u00e4tta barnets hud.<\/p>\n","protected":false},"excerpt":{"rendered":"<h3>Bath Tea \u2013 lugnande bad f\u00f6r baby<\/h3>\n<p>Ett milt badte som g\u00f6r badvattnet mjukt och skonsamt f\u00f6r k\u00e4nslig babyhud.<\/p>\n<p>Perfekt f\u00f6r en lugn badstund och passar s\u00e4rskilt bra f\u00f6r k\u00e4nslig eller irriterad hud.<\/p>\n","protected":false},"featured_media":491,"comment_status":"open","ping_status":"closed","template":"","meta":{"site-sidebar-layout":"default","site-content-layout":"","ast-site-content-layout":"default","site-content-style":"default","site-sidebar-style":"default","ast-global-header-display":"","ast-banner-title-visibility":"","ast-main-header-display":"","ast-hfb-above-header-display":"","ast-hfb-below-header-display":"","ast-hfb-mobile-header-display":"","site-post-title":"","ast-breadcrumbs-content":"","ast-featured-img":"","footer-sml-layout":"","ast-disable-related-posts":"","theme-transparent-header-meta":"","adv-header-id-meta":"","stick-header-meta":"","header-above-stick-meta":"","header-main-stick-meta":"","header-below-stick-meta":"","astra-migrate-meta-layouts":"default","ast-page-background-enabled":"default","ast-page-background-meta":{"desktop":{"background-color":"var(--ast-global-color-5)","background-image":"","background-repeat":"repeat","background-position":"center center","background-size":"auto","background-attachment":"scroll","background-type":"","background-media":"","overlay-type":"","overlay-color":"","overlay-opacity":"","overlay-gradient":""},"tablet":{"background-color":"","background-image":"","background-repeat":"repeat","background-position":"center center","background-size":"auto","background-attachment":"scroll","background-type":"","background-media":"","overlay-type":"","overlay-color":"","overlay-opacity":"","overlay-gradient":""},"mobile":{"background-color":"","background-image":"","background-repeat":"repeat","background-position":"center center","background-size":"auto","background-attachment":"scroll","background-type":"","background-media":"","overlay-type":"","overlay-color":"","overlay-opacity":"","overlay-gradient":""}},"ast-content-background-meta":{"desktop":{"background-color":"var(--ast-global-color-4)","background-image":"","background-repeat":"repeat","background-position":"center center","background-size":"auto","background-attachment":"scroll","background-type":"","background-media":"","overlay-type":"","overlay-color":"","overlay-opacity":"","overlay-gradient":""},"tablet":{"background-color":"var(--ast-global-color-4)","background-image":"","background-repeat":"repeat","background-position":"center center","background-size":"auto","background-attachment":"scroll","background-type":"","background-media":"","overlay-type":"","overlay-color":"","overlay-opacity":"","overlay-gradient":""},"mobile":{"background-color":"var(--ast-global-color-4)","background-image":"","background-repeat":"repeat","background-position":"center center","background-size":"auto","background-attachment":"scroll","background-type":"","background-media":"","overlay-type":"","overlay-color":"","overlay-opacity":"","overlay-gradient":""}}},"product_brand":[],"product_cat":[21],"product_tag":[],"class_list":{"0":"post-493","1":"product","2":"type-product","3":"status-publish","4":"has-post-thumbnail","6":"product_cat-produkter","7":"desktop-align-left","8":"tablet-align-left","9":"mobile-align-left","11":"first","12":"instock","13":"taxable","14":"shipping-taxable","15":"purchasable","16":"product-type-simple"},"jetpack_sharing_enabled":true,"_links":{"self":[{"href":"https:\/\/minimoments.se\/index.php\/wp-json\/wp\/v2\/product\/493","targetHints":{"allow":["GET"]}}],"collection":[{"href":"https:\/\/minimoments.se\/index.php\/wp-json\/wp\/v2\/product"}],"about":[{"href":"https:\/\/minimoments.se\/index.php\/wp-json\/wp\/v2\/types\/product"}],"replies":[{"embeddable":true,"href":"https:\/\/minimoments.se\/index.php\/wp-json\/wp\/v2\/comments?post=493"}],"wp:featuredmedia":[{"embeddable":true,"href":"https:\/\/minimoments.se\/index.php\/wp-json\/wp\/v2\/media\/491"}],"wp:attachment":[{"href":"https:\/\/minimoments.se\/index.php\/wp-json\/wp\/v2\/media?parent=493"}],"wp:term":[{"taxonomy":"product_brand","embeddable":true,"href":"https:\/\/minimoments.se\/index.php\/wp-json\/wp\/v2\/product_brand?post=493"},{"taxonomy":"product_cat","embeddable":true,"href":"https:\/\/minimoments.se\/index.php\/wp-json\/wp\/v2\/product_cat?post=493"},{"taxonomy":"product_tag","embeddable":true,"href":"https:\/\/minimoments.se\/index.php\/wp-json\/wp\/v2\/product_tag?post=493"}],"curies":[{"name":"wp","href":"https:\/\/api.w.org\/{rel}","templated":true}]}}