{"id":494,"date":"2026-03-08T14:54:11","date_gmt":"2026-03-08T13:54:11","guid":{"rendered":"https:\/\/minimoments.se\/?post_type=product&#038;p=494"},"modified":"2026-03-24T12:33:05","modified_gmt":"2026-03-24T11:33:05","slug":"baby-bad-mjolk-mjukgorande-mjolkbad-for-bebisar","status":"publish","type":"product","link":"https:\/\/minimoments.se\/index.php\/produkt\/baby-bad-mjolk-mjukgorande-mjolkbad-for-bebisar\/","title":{"rendered":"Baby Bad-mj\u00f6lk \u2013 mjukg\u00f6rande mj\u00f6lkbad f\u00f6r bebisar"},"content":{"rendered":"<h3>Baby Bath Milk \u2013 mjukg\u00f6rande mj\u00f6lkbad f\u00f6r bebisar<\/h3>\n<p>Ett milt badpulver som g\u00f6r badvattnet mjukt och v\u00e5rdande f\u00f6r k\u00e4nslig babyhud.<\/p>\n<p>Badmj\u00f6lken inneh\u00e5ller naturliga ingredienser som hj\u00e4lper till att lugna huden och ge en silkeslen k\u00e4nsla efter badet. Den \u00e4r s\u00e4rskilt uppskattad vid torr eller k\u00e4nslig hud och g\u00f6r badstunden till en lugn och mysig upplevelse.<\/p>\n<p>Perfekt att anv\u00e4nda som en del av en lugn kv\u00e4llsrutin eller under en avkopplande babyspa-stund.<\/p>\n<p>Anv\u00e4ndning<\/p>\n<p>Tills\u00e4tt cirka 25 g i varmt badvatten och r\u00f6r om s\u00e5 att pulvret l\u00f6ses upp.<\/p>\n","protected":false},"excerpt":{"rendered":"<p><strong>Baby Bath Milk \u2013 mjukg\u00f6rande bad f\u00f6r baby<\/strong><\/p>\n<p>Ett milt badpulver som g\u00f6r badvattnet mjukt och v\u00e5rdande f\u00f6r k\u00e4nslig babyhud.<\/p>\n<p>Perfekt f\u00f6r en lugn och mysig badstund.<\/p>\n","protected":false},"featured_media":497,"comment_status":"open","ping_status":"closed","template":"","meta":{"site-sidebar-layout":"default","site-content-layout":"","ast-site-content-layout":"default","site-content-style":"default","site-sidebar-style":"default","ast-global-header-display":"","ast-banner-title-visibility":"","ast-main-header-display":"","ast-hfb-above-header-display":"","ast-hfb-below-header-display":"","ast-hfb-mobile-header-display":"","site-post-title":"","ast-breadcrumbs-content":"","ast-featured-img":"","footer-sml-layout":"","ast-disable-related-posts":"","theme-transparent-header-meta":"","adv-header-id-meta":"","stick-header-meta":"","header-above-stick-meta":"","header-main-stick-meta":"","header-below-stick-meta":"","astra-migrate-meta-layouts":"default","ast-page-background-enabled":"default","ast-page-background-meta":{"desktop":{"background-color":"var(--ast-global-color-5)","background-image":"","background-repeat":"repeat","background-position":"center center","background-size":"auto","background-attachment":"scroll","background-type":"","background-media":"","overlay-type":"","overlay-color":"","overlay-opacity":"","overlay-gradient":""},"tablet":{"background-color":"","background-image":"","background-repeat":"repeat","background-position":"center center","background-size":"auto","background-attachment":"scroll","background-type":"","background-media":"","overlay-type":"","overlay-color":"","overlay-opacity":"","overlay-gradient":""},"mobile":{"background-color":"","background-image":"","background-repeat":"repeat","background-position":"center center","background-size":"auto","background-attachment":"scroll","background-type":"","background-media":"","overlay-type":"","overlay-color":"","overlay-opacity":"","overlay-gradient":""}},"ast-content-background-meta":{"desktop":{"background-color":"var(--ast-global-color-4)","background-image":"","background-repeat":"repeat","background-position":"center center","background-size":"auto","background-attachment":"scroll","background-type":"","background-media":"","overlay-type":"","overlay-color":"","overlay-opacity":"","overlay-gradient":""},"tablet":{"background-color":"var(--ast-global-color-4)","background-image":"","background-repeat":"repeat","background-position":"center center","background-size":"auto","background-attachment":"scroll","background-type":"","background-media":"","overlay-type":"","overlay-color":"","overlay-opacity":"","overlay-gradient":""},"mobile":{"background-color":"var(--ast-global-color-4)","background-image":"","background-repeat":"repeat","background-position":"center center","background-size":"auto","background-attachment":"scroll","background-type":"","background-media":"","overlay-type":"","overlay-color":"","overlay-opacity":"","overlay-gradient":""}}},"product_brand":[],"product_cat":[21],"product_tag":[],"class_list":{"0":"post-494","1":"product","2":"type-product","3":"status-publish","4":"has-post-thumbnail","6":"product_cat-produkter","7":"desktop-align-left","8":"tablet-align-left","9":"mobile-align-left","11":"first","12":"instock","13":"taxable","14":"shipping-taxable","15":"purchasable","16":"product-type-simple"},"jetpack_sharing_enabled":true,"_links":{"self":[{"href":"https:\/\/minimoments.se\/index.php\/wp-json\/wp\/v2\/product\/494","targetHints":{"allow":["GET"]}}],"collection":[{"href":"https:\/\/minimoments.se\/index.php\/wp-json\/wp\/v2\/product"}],"about":[{"href":"https:\/\/minimoments.se\/index.php\/wp-json\/wp\/v2\/types\/product"}],"replies":[{"embeddable":true,"href":"https:\/\/minimoments.se\/index.php\/wp-json\/wp\/v2\/comments?post=494"}],"wp:featuredmedia":[{"embeddable":true,"href":"https:\/\/minimoments.se\/index.php\/wp-json\/wp\/v2\/media\/497"}],"wp:attachment":[{"href":"https:\/\/minimoments.se\/index.php\/wp-json\/wp\/v2\/media?parent=494"}],"wp:term":[{"taxonomy":"product_brand","embeddable":true,"href":"https:\/\/minimoments.se\/index.php\/wp-json\/wp\/v2\/product_brand?post=494"},{"taxonomy":"product_cat","embeddable":true,"href":"https:\/\/minimoments.se\/index.php\/wp-json\/wp\/v2\/product_cat?post=494"},{"taxonomy":"product_tag","embeddable":true,"href":"https:\/\/minimoments.se\/index.php\/wp-json\/wp\/v2\/product_tag?post=494"}],"curies":[{"name":"wp","href":"https:\/\/api.w.org\/{rel}","templated":true}]}}