{"id":514,"date":"2026-03-08T15:34:13","date_gmt":"2026-03-08T14:34:13","guid":{"rendered":"https:\/\/minimoments.se\/index.php\/produkt\/japansk-sisal-spa-borste-en-liten-spa-ritual-i-vardagen\/"},"modified":"2026-03-08T15:34:14","modified_gmt":"2026-03-08T14:34:14","slug":"japansk-sisal-spa-borste-en-liten-spa-ritual-i-vardagen","status":"publish","type":"product","link":"https:\/\/minimoments.se\/index.php\/produkt\/japansk-sisal-spa-borste-en-liten-spa-ritual-i-vardagen\/","title":{"rendered":"Japansk sisal spa-borste \u2013 en liten spa-ritual i vardagen"},"content":{"rendered":"<h3>Japansk sisal spa-borste \u2013 en liten spa-ritual i vardagen<\/h3>\n<p>Denna japanska sisal spa-borste \u00e4r framtagen f\u00f6r vuxen hudv\u00e5rd och inspirerad av traditionella japanska badritualer d\u00e4r kroppsv\u00e5rd handlar om b\u00e5de reng\u00f6ring och v\u00e4lbefinnande.<\/p>\n<p>Borsten \u00e4r tillverkad av naturlig sisal och hj\u00e4lper till att varsamt exfoliera huden samtidigt som den stimulerar blodcirkulationen. Resultatet \u00e4r en mjukare, klarare hud och en uppfriskande k\u00e4nsla efter duschen.<\/p>\n<p>Den kan anv\u00e4ndas b\u00e5de i duschen eller som torrborstning f\u00f6re dusch \u2013 en uppskattad spa-ritual som hj\u00e4lper till att v\u00e4cka huden och ge en k\u00e4nsla av energi och v\u00e4lm\u00e5ende.<\/p>\n<p>Med sin naturliga design blir den dessutom en vacker detalj i badrummet.<\/p>\n<p>Perfekt f\u00f6r<\/p>\n<p>\u2022 Torrborstning f\u00f6re dusch<\/p>\n<p>\u2022 Mild exfoliering av huden<\/p>\n<p>\u2022 Att stimulera blodcirkulationen<\/p>\n<p>\u2022 En liten stund av spa och self-care i vardagen<\/p>\n<p>Observera: Denna borste \u00e4r avsedd f\u00f6r vuxna och ska inte anv\u00e4ndas p\u00e5 bebisars k\u00e4nsliga hud.<\/p>\n<p>Tillverkad av naturliga material och helt fri fr\u00e5n plast.<\/p>\n","protected":false},"excerpt":{"rendered":"<h3>Japansk sisal spa-borste \u2013 f\u00f6r vuxna<\/h3>\n<p>En naturlig kroppsborste inspirerad av japanska spa-ritualer.<\/p>\n<p>Tillverkad av sisal och perfekt f\u00f6r torrborstning eller exfoliering i duschen. Hj\u00e4lper till att stimulera blodcirkulationen och l\u00e4mnar huden mjuk och uppfriskad.<\/p>\n<p>Avsedd f\u00f6r vuxen hudv\u00e5rd.<\/p>\n","protected":false},"featured_media":511,"comment_status":"open","ping_status":"closed","template":"","meta":{"site-sidebar-layout":"default","site-content-layout":"","ast-site-content-layout":"default","site-content-style":"default","site-sidebar-style":"default","ast-global-header-display":"","ast-banner-title-visibility":"","ast-main-header-display":"","ast-hfb-above-header-display":"","ast-hfb-below-header-display":"","ast-hfb-mobile-header-display":"","site-post-title":"","ast-breadcrumbs-content":"","ast-featured-img":"","footer-sml-layout":"","ast-disable-related-posts":"","theme-transparent-header-meta":"","adv-header-id-meta":"","stick-header-meta":"","header-above-stick-meta":"","header-main-stick-meta":"","header-below-stick-meta":"","astra-migrate-meta-layouts":"default","ast-page-background-enabled":"default","ast-page-background-meta":{"desktop":{"background-color":"var(--ast-global-color-5)","background-image":"","background-repeat":"repeat","background-position":"center center","background-size":"auto","background-attachment":"scroll","background-type":"","background-media":"","overlay-type":"","overlay-color":"","overlay-opacity":"","overlay-gradient":""},"tablet":{"background-color":"","background-image":"","background-repeat":"repeat","background-position":"center center","background-size":"auto","background-attachment":"scroll","background-type":"","background-media":"","overlay-type":"","overlay-color":"","overlay-opacity":"","overlay-gradient":""},"mobile":{"background-color":"","background-image":"","background-repeat":"repeat","background-position":"center center","background-size":"auto","background-attachment":"scroll","background-type":"","background-media":"","overlay-type":"","overlay-color":"","overlay-opacity":"","overlay-gradient":""}},"ast-content-background-meta":{"desktop":{"background-color":"var(--ast-global-color-4)","background-image":"","background-repeat":"repeat","background-position":"center center","background-size":"auto","background-attachment":"scroll","background-type":"","background-media":"","overlay-type":"","overlay-color":"","overlay-opacity":"","overlay-gradient":""},"tablet":{"background-color":"var(--ast-global-color-4)","background-image":"","background-repeat":"repeat","background-position":"center center","background-size":"auto","background-attachment":"scroll","background-type":"","background-media":"","overlay-type":"","overlay-color":"","overlay-opacity":"","overlay-gradient":""},"mobile":{"background-color":"var(--ast-global-color-4)","background-image":"","background-repeat":"repeat","background-position":"center center","background-size":"auto","background-attachment":"scroll","background-type":"","background-media":"","overlay-type":"","overlay-color":"","overlay-opacity":"","overlay-gradient":""}}},"product_brand":[],"product_cat":[21],"product_tag":[],"class_list":{"0":"post-514","1":"product","2":"type-product","3":"status-publish","4":"has-post-thumbnail","6":"product_cat-produkter","7":"desktop-align-left","8":"tablet-align-left","9":"mobile-align-left","11":"first","12":"instock","13":"taxable","14":"shipping-taxable","15":"purchasable","16":"product-type-simple"},"jetpack_sharing_enabled":true,"_links":{"self":[{"href":"https:\/\/minimoments.se\/index.php\/wp-json\/wp\/v2\/product\/514","targetHints":{"allow":["GET"]}}],"collection":[{"href":"https:\/\/minimoments.se\/index.php\/wp-json\/wp\/v2\/product"}],"about":[{"href":"https:\/\/minimoments.se\/index.php\/wp-json\/wp\/v2\/types\/product"}],"replies":[{"embeddable":true,"href":"https:\/\/minimoments.se\/index.php\/wp-json\/wp\/v2\/comments?post=514"}],"wp:featuredmedia":[{"embeddable":true,"href":"https:\/\/minimoments.se\/index.php\/wp-json\/wp\/v2\/media\/511"}],"wp:attachment":[{"href":"https:\/\/minimoments.se\/index.php\/wp-json\/wp\/v2\/media?parent=514"}],"wp:term":[{"taxonomy":"product_brand","embeddable":true,"href":"https:\/\/minimoments.se\/index.php\/wp-json\/wp\/v2\/product_brand?post=514"},{"taxonomy":"product_cat","embeddable":true,"href":"https:\/\/minimoments.se\/index.php\/wp-json\/wp\/v2\/product_cat?post=514"},{"taxonomy":"product_tag","embeddable":true,"href":"https:\/\/minimoments.se\/index.php\/wp-json\/wp\/v2\/product_tag?post=514"}],"curies":[{"name":"wp","href":"https:\/\/api.w.org\/{rel}","templated":true}]}}