{"id":586,"date":"2026-03-13T06:46:18","date_gmt":"2026-03-13T05:46:18","guid":{"rendered":"https:\/\/minimoments.se\/?post_type=product&#038;p=586"},"modified":"2026-03-21T19:20:03","modified_gmt":"2026-03-21T18:20:03","slug":"mjuk-babybadrock-i-bomullsfrotte-flera-storlekar-fran-6m-18m","status":"publish","type":"product","link":"https:\/\/minimoments.se\/index.php\/produkt\/mjuk-babybadrock-i-bomullsfrotte-flera-storlekar-fran-6m-18m\/","title":{"rendered":"Mjuk babybadrock i bomullsfrott\u00e9 &#8211; Vit eller beige &#8211; flera storlekar fr\u00e5n 6m-18m"},"content":{"rendered":"<h3 data-section-id=\"qg52o8\" data-start=\"232\" data-end=\"268\">Mjuk babybadrock i bomullsfrott\u00e9<\/h3>\n<p data-start=\"270\" data-end=\"337\">En varm och mjuk badrock som g\u00f6r stunden efter badet \u00e4nnu mysigare.<\/p>\n<p data-start=\"339\" data-end=\"581\">Denna babybadrock \u00e4r tillverkad i mjuk och absorberande bomullsfrott\u00e9 som varsamt torkar och v\u00e4rmer din bebis efter badet. Den fluffiga frott\u00e9n k\u00e4nns behaglig mot k\u00e4nslig hud och hj\u00e4lper till att h\u00e5lla barnet varmt och tryggt efter vattenlek.<\/p>\n<p data-start=\"583\" data-end=\"703\">Badrocken har en praktisk huva som h\u00e5ller huvudet varmt, samt sm\u00e5 fickor och ett mjukt knytb\u00e4lte f\u00f6r en bekv\u00e4m passform.<\/p>\n<p data-start=\"705\" data-end=\"888\">Perfekt att anv\u00e4nda efter badet hemma, efter babysim eller under en mysig morgonstund. Den passar ocks\u00e5 fint efter v\u00e5ra babyspa-sessioner n\u00e4r bebisen sveps in i n\u00e5got varmt och mjukt.<\/p>\n<p data-start=\"890\" data-end=\"1091\">Bomullsfrott\u00e9 \u00e4r s\u00e4rskilt uppskattat f\u00f6r sina naturliga egenskaper. Materialet absorberar effektivt fukt samtidigt som det k\u00e4nns mjukt och skonsamt mot huden \u2013 n\u00e5got som g\u00f6r det extra bra f\u00f6r sm\u00e5 barn.<\/p>\n<h3 data-section-id=\"p6tn69\" data-start=\"1093\" data-end=\"1107\">Egenskaper<\/h3>\n<p data-start=\"1109\" data-end=\"1255\">\u2022 Mjuk och absorberande frott\u00e9 i 100 % bomull<br \/>\n\u2022 Varm huva f\u00f6r extra komfort<br \/>\n\u2022 Praktiska fickor och knytb\u00e4lte<br \/>\n\u2022 Skonsam mot k\u00e4nslig babyhud<\/p>\n<p data-start=\"1257\" data-end=\"1293\">Storlekar: 6, 9, 12 och 18 m\u00e5nader<\/p>\n<p data-start=\"1295\" data-end=\"1317\">Tillverkad i Portugal.<\/p>\n","protected":false},"excerpt":{"rendered":"<p>Mjuk babybadrock i bomullsfrott\u00e9 En varm och mjuk badrock som g\u00f6r stunden efter badet \u00e4nnu mysigare. Denna babybadrock \u00e4r tillverkad [&hellip;]<\/p>\n","protected":false},"featured_media":727,"comment_status":"open","ping_status":"closed","template":"","meta":{"site-sidebar-layout":"default","site-content-layout":"","ast-site-content-layout":"default","site-content-style":"default","site-sidebar-style":"default","ast-global-header-display":"","ast-banner-title-visibility":"","ast-main-header-display":"","ast-hfb-above-header-display":"","ast-hfb-below-header-display":"","ast-hfb-mobile-header-display":"","site-post-title":"","ast-breadcrumbs-content":"","ast-featured-img":"","footer-sml-layout":"","ast-disable-related-posts":"","theme-transparent-header-meta":"","adv-header-id-meta":"","stick-header-meta":"","header-above-stick-meta":"","header-main-stick-meta":"","header-below-stick-meta":"","astra-migrate-meta-layouts":"default","ast-page-background-enabled":"default","ast-page-background-meta":{"desktop":{"background-color":"var(--ast-global-color-5)","background-image":"","background-repeat":"repeat","background-position":"center center","background-size":"auto","background-attachment":"scroll","background-type":"","background-media":"","overlay-type":"","overlay-color":"","overlay-opacity":"","overlay-gradient":""},"tablet":{"background-color":"","background-image":"","background-repeat":"repeat","background-position":"center center","background-size":"auto","background-attachment":"scroll","background-type":"","background-media":"","overlay-type":"","overlay-color":"","overlay-opacity":"","overlay-gradient":""},"mobile":{"background-color":"","background-image":"","background-repeat":"repeat","background-position":"center center","background-size":"auto","background-attachment":"scroll","background-type":"","background-media":"","overlay-type":"","overlay-color":"","overlay-opacity":"","overlay-gradient":""}},"ast-content-background-meta":{"desktop":{"background-color":"var(--ast-global-color-4)","background-image":"","background-repeat":"repeat","background-position":"center center","background-size":"auto","background-attachment":"scroll","background-type":"","background-media":"","overlay-type":"","overlay-color":"","overlay-opacity":"","overlay-gradient":""},"tablet":{"background-color":"var(--ast-global-color-4)","background-image":"","background-repeat":"repeat","background-position":"center center","background-size":"auto","background-attachment":"scroll","background-type":"","background-media":"","overlay-type":"","overlay-color":"","overlay-opacity":"","overlay-gradient":""},"mobile":{"background-color":"var(--ast-global-color-4)","background-image":"","background-repeat":"repeat","background-position":"center center","background-size":"auto","background-attachment":"scroll","background-type":"","background-media":"","overlay-type":"","overlay-color":"","overlay-opacity":"","overlay-gradient":""}}},"product_brand":[],"product_cat":[21],"product_tag":[],"class_list":{"0":"post-586","1":"product","2":"type-product","3":"status-publish","4":"has-post-thumbnail","6":"product_cat-produkter","7":"desktop-align-left","8":"tablet-align-left","9":"mobile-align-left","11":"first","12":"instock","13":"taxable","14":"shipping-taxable","15":"purchasable","16":"product-type-variable"},"jetpack_sharing_enabled":true,"_links":{"self":[{"href":"https:\/\/minimoments.se\/index.php\/wp-json\/wp\/v2\/product\/586","targetHints":{"allow":["GET"]}}],"collection":[{"href":"https:\/\/minimoments.se\/index.php\/wp-json\/wp\/v2\/product"}],"about":[{"href":"https:\/\/minimoments.se\/index.php\/wp-json\/wp\/v2\/types\/product"}],"replies":[{"embeddable":true,"href":"https:\/\/minimoments.se\/index.php\/wp-json\/wp\/v2\/comments?post=586"}],"wp:featuredmedia":[{"embeddable":true,"href":"https:\/\/minimoments.se\/index.php\/wp-json\/wp\/v2\/media\/727"}],"wp:attachment":[{"href":"https:\/\/minimoments.se\/index.php\/wp-json\/wp\/v2\/media?parent=586"}],"wp:term":[{"taxonomy":"product_brand","embeddable":true,"href":"https:\/\/minimoments.se\/index.php\/wp-json\/wp\/v2\/product_brand?post=586"},{"taxonomy":"product_cat","embeddable":true,"href":"https:\/\/minimoments.se\/index.php\/wp-json\/wp\/v2\/product_cat?post=586"},{"taxonomy":"product_tag","embeddable":true,"href":"https:\/\/minimoments.se\/index.php\/wp-json\/wp\/v2\/product_tag?post=586"}],"curies":[{"name":"wp","href":"https:\/\/api.w.org\/{rel}","templated":true}]}}