{"id":801,"date":"2026-04-04T20:19:25","date_gmt":"2026-04-04T18:19:25","guid":{"rendered":"https:\/\/minimoments.se\/?post_type=product&#038;p=801"},"modified":"2026-04-07T11:34:42","modified_gmt":"2026-04-07T09:34:42","slug":"baby-spa-16-april-0900-1030-2","status":"publish","type":"product","link":"https:\/\/minimoments.se\/index.php\/produkt\/baby-spa-16-april-0900-1030-2\/","title":{"rendered":"Presentkort &#8211; Baby-Spa upplevelse"},"content":{"rendered":"<p data-start=\"289\" data-end=\"311\">\ud83d\udccd Plats: miniStuds, Vaktelv\u00e4gen 2, \u00d6rebro<\/p>\n<h2 data-start=\"289\" data-end=\"311\">Presentkort &#8211; MiniMoments Babyspa<\/h2>\n<p data-start=\"313\" data-end=\"378\">Ge n\u00e5gon du tycker om en lugn och mysig spa-stund f\u00f6r hen och sin bebis med mysig musik och levande ljus.<\/p>\n<p data-start=\"380\" data-end=\"642\">Under denna babyspa-upplevelse f\u00e5r bebisen bada i ett varmt och mjukg\u00f6rande mj\u00f6lkbad i en trygg och avslappnande milj\u00f6. Efter badet v\u00e4ntar mys i en mjuk babyspa-badrock samt en mild ansiktsbehandling och en lugn massage f\u00f6r ben och f\u00f6tter med ekologiska oljor.<\/p>\n<p data-start=\"644\" data-end=\"800\">Samtidigt finns tid f\u00f6r den vuxna att koppla av, njuta av en kopp varmt te, frossa i ett lyxigt fruktfat, ta en h\u00e4lsoshot och samtala med andra f\u00f6r\u00e4ldrar i en varm och v\u00e4lkomnande milj\u00f6.<\/p>\n<h3 data-start=\"802\" data-end=\"819\">Det h\u00e4r ing\u00e5r<\/h3>\n<p data-start=\"820\" data-end=\"1035\">\u2022 Babyspa-upplevelse i liten grupp<br \/>\n\u2022 Mjukg\u00f6rande mj\u00f6lkbad<br \/>\n\u2022 Mild ansiktsbehandling och benmassage<br \/>\n\u2022 Babyspa-badrock att l\u00e5na under bes\u00f6ket (finns att k\u00f6pa)<br \/>\n\u2022 Te, h\u00e4lsoshot och n\u00e5got litet att \u00e4ta f\u00f6r f\u00f6r\u00e4ldrar<\/p>\n<p data-start=\"1037\" data-end=\"1090\">Babyspa passar f\u00f6r bebisar <strong data-start=\"1064\" data-end=\"1089\">6 veckor \u2013 12 m\u00e5nader<\/strong>.<\/p>\n<p data-start=\"1092\" data-end=\"1203\">Om man vill kan man ta med egen br\u00f6stmj\u00f6lk till badet, annars anv\u00e4nds ett milt mj\u00f6lkbad anpassat f\u00f6r k\u00e4nslig hud.<\/p>\n<p data-start=\"1092\" data-end=\"1203\">En perfekt present till n\u00e5gon som har en liten bebis och beh\u00f6ver f\u00e5 ladda sina batterier \ud83d\udc95<\/p>\n<p data-start=\"1092\" data-end=\"1203\">Observera att k\u00f6pt biljett inte \u00e5terbetalas.<\/p>\n<p data-start=\"1092\" data-end=\"1203\">Inom 24h fr\u00e5n betalning skickas en v\u00e4rdekod till registrerad mailadress som kan anv\u00e4ndas vid betalning. S\u00e4g g\u00e4rna till om ni vill ha ett fysiskt presentkort s\u00e5 kan hj\u00e4lpa till med det! \ud83d\udc95<\/p>\n<p data-start=\"1092\" data-end=\"1203\">Presentkortet g\u00e4ller i 12 m\u00e5nader fr\u00e5n k\u00f6p.<\/p>\n<p data-start=\"1092\" data-end=\"1203\"><strong>Varmt v\u00e4lkommen med er bokning!&nbsp;<\/strong><\/p>\n","protected":false},"excerpt":{"rendered":"<p>\ud83d\udccd Plats: miniStuds, Vaktelv\u00e4gen 2, \u00d6rebro Presentkort &#8211; MiniMoments Babyspa Ge n\u00e5gon du tycker om en lugn och mysig spa-stund [&hellip;]<\/p>\n","protected":false},"featured_media":802,"comment_status":"open","ping_status":"closed","template":"","meta":{"site-sidebar-layout":"default","site-content-layout":"","ast-site-content-layout":"default","site-content-style":"default","site-sidebar-style":"default","ast-global-header-display":"","ast-banner-title-visibility":"","ast-main-header-display":"","ast-hfb-above-header-display":"","ast-hfb-below-header-display":"","ast-hfb-mobile-header-display":"","site-post-title":"","ast-breadcrumbs-content":"","ast-featured-img":"","footer-sml-layout":"","ast-disable-related-posts":"","theme-transparent-header-meta":"default","adv-header-id-meta":"","stick-header-meta":"","header-above-stick-meta":"","header-main-stick-meta":"","header-below-stick-meta":"","astra-migrate-meta-layouts":"set","ast-page-background-enabled":"default","ast-page-background-meta":{"desktop":{"background-color":"var(--ast-global-color-5)","background-image":"","background-repeat":"repeat","background-position":"center center","background-size":"auto","background-attachment":"scroll","background-type":"","background-media":"","overlay-type":"","overlay-color":"","overlay-opacity":"","overlay-gradient":""},"tablet":{"background-color":"","background-image":"","background-repeat":"repeat","background-position":"center center","background-size":"auto","background-attachment":"scroll","background-type":"","background-media":"","overlay-type":"","overlay-color":"","overlay-opacity":"","overlay-gradient":""},"mobile":{"background-color":"","background-image":"","background-repeat":"repeat","background-position":"center center","background-size":"auto","background-attachment":"scroll","background-type":"","background-media":"","overlay-type":"","overlay-color":"","overlay-opacity":"","overlay-gradient":""}},"ast-content-background-meta":{"desktop":{"background-color":"var(--ast-global-color-4)","background-image":"","background-repeat":"repeat","background-position":"center center","background-size":"auto","background-attachment":"scroll","background-type":"","background-media":"","overlay-type":"","overlay-color":"","overlay-opacity":"","overlay-gradient":""},"tablet":{"background-color":"var(--ast-global-color-4)","background-image":"","background-repeat":"repeat","background-position":"center center","background-size":"auto","background-attachment":"scroll","background-type":"","background-media":"","overlay-type":"","overlay-color":"","overlay-opacity":"","overlay-gradient":""},"mobile":{"background-color":"var(--ast-global-color-4)","background-image":"","background-repeat":"repeat","background-position":"center center","background-size":"auto","background-attachment":"scroll","background-type":"","background-media":"","overlay-type":"","overlay-color":"","overlay-opacity":"","overlay-gradient":""}}},"product_brand":[],"product_cat":[20],"product_tag":[],"class_list":{"0":"post-801","1":"product","2":"type-product","3":"status-publish","4":"has-post-thumbnail","6":"product_cat-baby-spa","7":"product_shipping_class-ej-frakt","8":"desktop-align-left","9":"tablet-align-left","10":"mobile-align-left","12":"first","13":"instock","14":"virtual","15":"taxable","16":"purchasable","17":"product-type-simple"},"jetpack_sharing_enabled":true,"_links":{"self":[{"href":"https:\/\/minimoments.se\/index.php\/wp-json\/wp\/v2\/product\/801","targetHints":{"allow":["GET"]}}],"collection":[{"href":"https:\/\/minimoments.se\/index.php\/wp-json\/wp\/v2\/product"}],"about":[{"href":"https:\/\/minimoments.se\/index.php\/wp-json\/wp\/v2\/types\/product"}],"replies":[{"embeddable":true,"href":"https:\/\/minimoments.se\/index.php\/wp-json\/wp\/v2\/comments?post=801"}],"wp:featuredmedia":[{"embeddable":true,"href":"https:\/\/minimoments.se\/index.php\/wp-json\/wp\/v2\/media\/802"}],"wp:attachment":[{"href":"https:\/\/minimoments.se\/index.php\/wp-json\/wp\/v2\/media?parent=801"}],"wp:term":[{"taxonomy":"product_brand","embeddable":true,"href":"https:\/\/minimoments.se\/index.php\/wp-json\/wp\/v2\/product_brand?post=801"},{"taxonomy":"product_cat","embeddable":true,"href":"https:\/\/minimoments.se\/index.php\/wp-json\/wp\/v2\/product_cat?post=801"},{"taxonomy":"product_tag","embeddable":true,"href":"https:\/\/minimoments.se\/index.php\/wp-json\/wp\/v2\/product_tag?post=801"}],"curies":[{"name":"wp","href":"https:\/\/api.w.org\/{rel}","templated":true}]}}